{"id":47,"date":"2017-04-28T20:15:24","date_gmt":"2017-04-28T18:15:24","guid":{"rendered":"http:\/\/monikakwiatkowska.eu\/?page_id=47"},"modified":"2025-02-20T10:03:20","modified_gmt":"2025-02-20T09:03:20","slug":"contact-me","status":"publish","type":"page","link":"https:\/\/monikakwiatkowska.eu\/pl\/contact-me\/","title":{"rendered":"Skontaktuj si\u0119 ze mn\u0105"},"content":{"rendered":"<div id=\"pl-47\"  class=\"panel-layout\" ><div id=\"pg-47-0\"  class=\"panel-grid panel-no-style\" ><div id=\"pgc-47-0-0\"  class=\"panel-grid-cell\" ><div id=\"panel-47-0-0-0\" class=\"so-panel widget widget_widget_kadence_contact widget_kadence_contact panel-first-child panel-last-child\" data-index=\"0\" ><h3 class=\"widget-title\">Monika Rajska<\/h3>    <div class=\"vcard\">\n      \n            <p class=\"vcard-name\"><i class=\"icon-user\"><\/i>Monika Rajska (n\u00e9e Kwiatkowska)<\/p>              <p class=\"vcard-address\"><i class=\"icon-map-marker\"><\/i>       <span>Sopot  <\/span><\/p>\n           <p class=\"tel\"><i class=\"icon-tablet\"><\/i> +48 603 269 650<\/p>            <p><a class=\"email\" href=\"mailto:in&#102;o&#64;m&#111;n&#105;k&#97;&#107;&#119;i&#97;t&#107;&#111;&#119;sk&#97;&#46;e&#117;\"><i class=\"icon-envelope\"><\/i> i&#110;fo&#64;m&#111;nik&#97;&#107;&#119;i&#97;t&#107;&#111;wska&#46;e&#117;<\/a><\/p>     <\/div>\n      <\/div><\/div><div id=\"pgc-47-0-1\"  class=\"panel-grid-cell\" ><div id=\"panel-47-0-1-0\" class=\"so-panel widget widget_black-studio-tinymce widget_black_studio_tinymce panel-first-child panel-last-child\" data-index=\"1\" ><div class=\"textwidget\"><p>\n<div class=\"wpcf7 no-js\" id=\"wpcf7-f51-o1\" lang=\"pl-PL\" dir=\"ltr\" data-wpcf7-id=\"51\">\n<div class=\"screen-reader-response\"><p role=\"status\" aria-live=\"polite\" aria-atomic=\"true\"><\/p> <ul><\/ul><\/div>\n<form action=\"\/pl\/wp-json\/wp\/v2\/pages\/47#wpcf7-f51-o1\" method=\"post\" class=\"wpcf7-form init\" aria-label=\"Formularz kontaktowy\" novalidate=\"novalidate\" data-status=\"init\">\n<div style=\"display: none;\">\n<input type=\"hidden\" name=\"_wpcf7\" value=\"51\" \/>\n<input type=\"hidden\" name=\"_wpcf7_version\" value=\"6.0.4\" \/>\n<input type=\"hidden\" name=\"_wpcf7_locale\" value=\"pl_PL\" \/>\n<input type=\"hidden\" name=\"_wpcf7_unit_tag\" value=\"wpcf7-f51-o1\" \/>\n<input type=\"hidden\" name=\"_wpcf7_container_post\" value=\"0\" \/>\n<input type=\"hidden\" name=\"_wpcf7_posted_data_hash\" value=\"\" \/>\n<input type=\"hidden\" name=\"_wpcf7_recaptcha_response\" value=\"\" \/>\n<\/div>\n<p><strong>Imi\u0119<\/strong><br \/>\n<span class=\"wpcf7-form-control-wrap\" data-name=\"text-539\"><input size=\"40\" maxlength=\"400\" class=\"wpcf7-form-control wpcf7-text wpcf7-validates-as-required\" aria-required=\"true\" aria-invalid=\"false\" placeholder=\"\" value=\"\" type=\"text\" name=\"text-539\" \/><\/span>\n<\/p>\n<p><strong>Tw\u00f3j e-mail<\/strong><br \/>\n<span class=\"wpcf7-form-control-wrap\" data-name=\"email-164\"><input size=\"40\" maxlength=\"400\" class=\"wpcf7-form-control wpcf7-email wpcf7-validates-as-required wpcf7-text wpcf7-validates-as-email\" aria-required=\"true\" aria-invalid=\"false\" placeholder=\"\" value=\"\" type=\"email\" name=\"email-164\" \/><\/span>\n<\/p>\n<p><strong>Temat<\/strong><br \/>\n<span class=\"wpcf7-form-control-wrap\" data-name=\"text-707\"><input size=\"40\" maxlength=\"400\" class=\"wpcf7-form-control wpcf7-text wpcf7-validates-as-required\" aria-required=\"true\" aria-invalid=\"false\" placeholder=\"lekcje, wsp\u00f3\u0142praca, pytanie\" value=\"\" type=\"text\" name=\"text-707\" \/><\/span>\n<\/p>\n<p><strong>Wiadomo\u015b\u0107<\/strong><br \/>\n<span class=\"wpcf7-form-control-wrap\" data-name=\"textarea-605\"><textarea cols=\"40\" rows=\"10\" maxlength=\"2000\" class=\"wpcf7-form-control wpcf7-textarea wpcf7-validates-as-required\" aria-required=\"true\" aria-invalid=\"false\" placeholder=\"Wpisz wiadomo\u015b\u0107...\" name=\"textarea-605\"><\/textarea><\/span>\n<\/p>\n\n<p><input class=\"wpcf7-form-control wpcf7-submit has-spinner\" type=\"submit\" value=\"WY\u015aLIJ\" \/>\n<\/p><div class=\"wpcf7-response-output\" aria-hidden=\"true\"><\/div>\n<\/form>\n<\/div>\n<\/p>\n<\/div><\/div><\/div><\/div><\/div><!-- AddThis Advanced Settings generic via filter on the_content --><!-- AddThis Share Buttons generic via filter on the_content -->","protected":false},"excerpt":{"rendered":"<p>Monika Rajska Monika Rajska (n\u00e9e Kwiatkowska) Sopot +48 603 269 650 in&#102;o&#64;m&#111;&#110;&#105;&#107;ak&#119;iatk&#111;w&#115;ka&#46;eu Imi\u0119 Tw\u00f3j e-mail Temat Wiadomo\u015b\u0107<!-- AddThis Advanced Settings generic via filter on wp_trim_excerpt --><!-- AddThis Share Buttons generic via filter on wp_trim_excerpt --><\/p>\n","protected":false},"author":1,"featured_media":0,"parent":0,"menu_order":0,"comment_status":"closed","ping_status":"closed","template":"","meta":{"om_disable_all_campaigns":false,"_monsterinsights_skip_tracking":false,"_monsterinsights_sitenote_active":false,"_monsterinsights_sitenote_note":"","_monsterinsights_sitenote_category":0,"jetpack_post_was_ever_published":false,"footnotes":""},"class_list":["post-47","page","type-page","status-publish","hentry"],"aioseo_notices":[],"yoast_head":"<!-- This site is optimized with the Yoast SEO plugin v24.5 - https:\/\/yoast.com\/wordpress\/plugins\/seo\/ -->\n<title>Skontaktuj si\u0119 ze mn\u0105 &#183; Monika Rajska<\/title>\n<meta name=\"robots\" content=\"index, follow, max-snippet:-1, max-image-preview:large, max-video-preview:-1\" \/>\n<link rel=\"canonical\" href=\"https:\/\/monikakwiatkowska.eu\/contact-me\/\" \/>\n<meta property=\"og:locale\" content=\"pl_PL\" \/>\n<meta property=\"og:type\" content=\"article\" \/>\n<meta property=\"og:title\" content=\"Skontaktuj si\u0119 ze mn\u0105 &#183; Monika Rajska\" \/>\n<meta property=\"og:description\" content=\"Monika Rajska Monika Rajska (n\u00e9e Kwiatkowska) Sopot +48 603 269 650 in&#102;&#111;&#064;m&#111;&#110;i&#107;akw&#105;a&#116;k&#111;&#119;&#115;&#107;a&#046;eu Imi\u0119 Tw\u00f3j e-mail Temat Wiadomo\u015b\u0107\" \/>\n<meta property=\"og:url\" content=\"https:\/\/monikakwiatkowska.eu\/contact-me\/\" \/>\n<meta property=\"og:site_name\" content=\"Monika Rajska\" \/>\n<meta property=\"article:publisher\" content=\"https:\/\/www.facebook.com\/MKDoubleBassist\/\" \/>\n<meta property=\"article:modified_time\" content=\"2025-02-20T09:03:20+00:00\" \/>\n<meta name=\"twitter:card\" content=\"summary_large_image\" \/>\n<meta name=\"twitter:site\" content=\"@MonikaKwiat\" \/>\n<meta name=\"twitter:label1\" content=\"Szacowany czas czytania\" \/>\n\t<meta name=\"twitter:data1\" content=\"1 minuta\" \/>\n<script type=\"application\/ld+json\" class=\"yoast-schema-graph\">{\"@context\":\"https:\/\/schema.org\",\"@graph\":[{\"@type\":\"WebPage\",\"@id\":\"https:\/\/monikakwiatkowska.eu\/contact-me\/\",\"url\":\"https:\/\/monikakwiatkowska.eu\/contact-me\/\",\"name\":\"Skontaktuj si\u0119 ze mn\u0105 &#183; Monika Rajska\",\"isPartOf\":{\"@id\":\"https:\/\/monikakwiatkowska.eu\/#website\"},\"datePublished\":\"2017-04-28T18:15:24+00:00\",\"dateModified\":\"2025-02-20T09:03:20+00:00\",\"breadcrumb\":{\"@id\":\"https:\/\/monikakwiatkowska.eu\/contact-me\/#breadcrumb\"},\"inLanguage\":\"pl-PL\",\"potentialAction\":[{\"@type\":\"ReadAction\",\"target\":[\"https:\/\/monikakwiatkowska.eu\/contact-me\/\"]}]},{\"@type\":\"BreadcrumbList\",\"@id\":\"https:\/\/monikakwiatkowska.eu\/contact-me\/#breadcrumb\",\"itemListElement\":[{\"@type\":\"ListItem\",\"position\":1,\"name\":\"Home\",\"item\":\"https:\/\/monikakwiatkowska.eu\/\"},{\"@type\":\"ListItem\",\"position\":2,\"name\":\"Contact me\"}]},{\"@type\":\"WebSite\",\"@id\":\"https:\/\/monikakwiatkowska.eu\/#website\",\"url\":\"https:\/\/monikakwiatkowska.eu\/\",\"name\":\"Monika Rajska\",\"description\":\"| Kontrabas i nie tylko |\",\"potentialAction\":[{\"@type\":\"SearchAction\",\"target\":{\"@type\":\"EntryPoint\",\"urlTemplate\":\"https:\/\/monikakwiatkowska.eu\/?s={search_term_string}\"},\"query-input\":{\"@type\":\"PropertyValueSpecification\",\"valueRequired\":true,\"valueName\":\"search_term_string\"}}],\"inLanguage\":\"pl-PL\"}]}<\/script>\n<!-- \/ Yoast SEO plugin. -->","yoast_head_json":{"title":"Skontaktuj si\u0119 ze mn\u0105 &#183; Monika Rajska","robots":{"index":"index","follow":"follow","max-snippet":"max-snippet:-1","max-image-preview":"max-image-preview:large","max-video-preview":"max-video-preview:-1"},"canonical":"https:\/\/monikakwiatkowska.eu\/contact-me\/","og_locale":"pl_PL","og_type":"article","og_title":"Skontaktuj si\u0119 ze mn\u0105 &#183; Monika Rajska","og_description":"Monika Rajska Monika Rajska (n\u00e9e Kwiatkowska) Sopot +48 603 269 650 in&#102;&#111;&#64;m&#111;&#110;i&#107;akw&#105;a&#116;k&#111;&#119;&#115;&#107;a&#46;eu Imi\u0119 Tw\u00f3j e-mail Temat Wiadomo\u015b\u0107","og_url":"https:\/\/monikakwiatkowska.eu\/contact-me\/","og_site_name":"Monika Rajska","article_publisher":"https:\/\/www.facebook.com\/MKDoubleBassist\/","article_modified_time":"2025-02-20T09:03:20+00:00","twitter_card":"summary_large_image","twitter_site":"@MonikaKwiat","twitter_misc":{"Szacowany czas czytania":"1 minuta"},"schema":{"@context":"https:\/\/schema.org","@graph":[{"@type":"WebPage","@id":"https:\/\/monikakwiatkowska.eu\/contact-me\/","url":"https:\/\/monikakwiatkowska.eu\/contact-me\/","name":"Skontaktuj si\u0119 ze mn\u0105 &#183; Monika Rajska","isPartOf":{"@id":"https:\/\/monikakwiatkowska.eu\/#website"},"datePublished":"2017-04-28T18:15:24+00:00","dateModified":"2025-02-20T09:03:20+00:00","breadcrumb":{"@id":"https:\/\/monikakwiatkowska.eu\/contact-me\/#breadcrumb"},"inLanguage":"pl-PL","potentialAction":[{"@type":"ReadAction","target":["https:\/\/monikakwiatkowska.eu\/contact-me\/"]}]},{"@type":"BreadcrumbList","@id":"https:\/\/monikakwiatkowska.eu\/contact-me\/#breadcrumb","itemListElement":[{"@type":"ListItem","position":1,"name":"Home","item":"https:\/\/monikakwiatkowska.eu\/"},{"@type":"ListItem","position":2,"name":"Contact me"}]},{"@type":"WebSite","@id":"https:\/\/monikakwiatkowska.eu\/#website","url":"https:\/\/monikakwiatkowska.eu\/","name":"Monika Rajska","description":"| Kontrabas i nie tylko |","potentialAction":[{"@type":"SearchAction","target":{"@type":"EntryPoint","urlTemplate":"https:\/\/monikakwiatkowska.eu\/?s={search_term_string}"},"query-input":{"@type":"PropertyValueSpecification","valueRequired":true,"valueName":"search_term_string"}}],"inLanguage":"pl-PL"}]}},"jetpack_shortlink":"https:\/\/wp.me\/P8Ew3L-L","jetpack_sharing_enabled":true,"_links":{"self":[{"href":"https:\/\/monikakwiatkowska.eu\/pl\/wp-json\/wp\/v2\/pages\/47","targetHints":{"allow":["GET"]}}],"collection":[{"href":"https:\/\/monikakwiatkowska.eu\/pl\/wp-json\/wp\/v2\/pages"}],"about":[{"href":"https:\/\/monikakwiatkowska.eu\/pl\/wp-json\/wp\/v2\/types\/page"}],"author":[{"embeddable":true,"href":"https:\/\/monikakwiatkowska.eu\/pl\/wp-json\/wp\/v2\/users\/1"}],"replies":[{"embeddable":true,"href":"https:\/\/monikakwiatkowska.eu\/pl\/wp-json\/wp\/v2\/comments?post=47"}],"version-history":[{"count":59,"href":"https:\/\/monikakwiatkowska.eu\/pl\/wp-json\/wp\/v2\/pages\/47\/revisions"}],"predecessor-version":[{"id":1448,"href":"https:\/\/monikakwiatkowska.eu\/pl\/wp-json\/wp\/v2\/pages\/47\/revisions\/1448"}],"wp:attachment":[{"href":"https:\/\/monikakwiatkowska.eu\/pl\/wp-json\/wp\/v2\/media?parent=47"}],"curies":[{"name":"wp","href":"https:\/\/api.w.org\/{rel}","templated":true}]}}