{"id":37,"date":"2017-04-10T16:34:16","date_gmt":"2017-04-10T14:34:16","guid":{"rendered":"http:\/\/monikakwiatkowska.eu\/?page_id=37"},"modified":"2018-02-04T17:44:53","modified_gmt":"2018-02-04T16:44:53","slug":"cooperation","status":"publish","type":"page","link":"https:\/\/monikakwiatkowska.eu\/pl\/cooperation\/","title":{"rendered":"Wsp\u00f3\u0142pracuj ze mn\u0105!"},"content":{"rendered":"<div id=\"pl-37\"  class=\"panel-layout\" ><div id=\"pg-37-0\"  class=\"panel-grid panel-no-style\" ><div id=\"pgc-37-0-0\"  class=\"panel-grid-cell\" ><div id=\"panel-37-0-0-0\" class=\"so-panel widget widget_black-studio-tinymce widget_black_studio_tinymce panel-first-child panel-last-child\" data-index=\"0\" ><div class=\"textwidget\"><h4>Je\u015bli potrzebujesz kontrabasistki<\/h4>\n<ul>\n<li style=\"text-align: left;\">na koncert\/wydarzenie<\/li>\n<li style=\"text-align: left;\">na projekt orkiestrowy<\/li>\n<li style=\"text-align: left;\">do zespo\u0142u kameralnego<\/li>\n<li style=\"text-align: left;\">do zespo\u0142u muzyki rozrywkowej<\/li>\n<li style=\"text-align: left;\">nauczycielki<\/li>\n<li style=\"text-align: left;\">na zast\u0119pstwo<\/li>\n<li style=\"text-align: left;\">...lub je\u015bli masz inny pomys\u0142<br \/>\n<h4><a href=\"http:\/\/monikakwiatkowska.eu\/contact-me\/\">Skontaktuj si\u0119 ze mn\u0105!<\/a><\/h4>\n<\/li>\n<\/ul>\n<p align=\"JUSTIFY\">Czekam na Twoj\u0105 wiadomo\u015b\u0107.<\/p>\n<h4>\n<\/div><\/div><\/div><div id=\"pgc-37-0-1\"  class=\"panel-grid-cell\" >     <div id=\"panel-37-0-1-0\" class=\"so-panel widget widget_kadence_simple_image kadence_simple_image panel-first-child panel-last-child\" data-index=\"1\" >    <div class=\"kad_img_upload_widget\">\n                <img decoding=\"async\" src=\"http:\/\/monikakwiatkowska.eu\/wp-content\/uploads\/2017\/04\/work-with-me.png\" alt=\"\" \/>\n                    <\/div>\n\n    <\/div>    <\/div><\/div><\/div><!-- AddThis Advanced Settings generic via filter on the_content --><!-- AddThis Share Buttons generic via filter on the_content -->","protected":false},"excerpt":{"rendered":"<p>Je\u015bli potrzebujesz kontrabasistkina koncert\/wydarzeniena projekt orkiestrowydo zespo\u0142u kameralnegodo zespo\u0142u muzyki rozrywkowejnauczycielkina zast\u0119pstwo&#8230;lub je\u015bli masz inny pomys\u0142Skontaktuj si\u0119 ze mn\u0105!Czekam na Twoj\u0105 wiadomo\u015b\u0107.<!-- AddThis Advanced Settings generic via filter on wp_trim_excerpt --><!-- AddThis Share Buttons generic via filter on wp_trim_excerpt --><\/p>\n","protected":false},"author":1,"featured_media":0,"parent":0,"menu_order":0,"comment_status":"closed","ping_status":"closed","template":"","meta":{"om_disable_all_campaigns":false,"_monsterinsights_skip_tracking":false,"_monsterinsights_sitenote_active":false,"_monsterinsights_sitenote_note":"","_monsterinsights_sitenote_category":0,"jetpack_post_was_ever_published":false,"footnotes":""},"class_list":["post-37","page","type-page","status-publish","hentry"],"aioseo_notices":[],"yoast_head":"<!-- This site is optimized with the Yoast SEO plugin v24.5 - https:\/\/yoast.com\/wordpress\/plugins\/seo\/ -->\n<title>Wsp\u00f3\u0142pracuj ze mn\u0105! &#183; Monika Rajska<\/title>\n<meta name=\"robots\" content=\"index, follow, max-snippet:-1, max-image-preview:large, max-video-preview:-1\" \/>\n<link rel=\"canonical\" href=\"https:\/\/monikakwiatkowska.eu\/cooperation\/\" \/>\n<meta property=\"og:locale\" content=\"pl_PL\" \/>\n<meta property=\"og:type\" content=\"article\" \/>\n<meta property=\"og:title\" content=\"Wsp\u00f3\u0142pracuj ze mn\u0105! &#183; Monika Rajska\" \/>\n<meta property=\"og:description\" content=\"Je\u015bli potrzebujesz kontrabasistkina koncert\/wydarzeniena projekt orkiestrowydo zespo\u0142u kameralnegodo zespo\u0142u muzyki rozrywkowejnauczycielkina zast\u0119pstwo...lub je\u015bli masz inny pomys\u0142Skontaktuj si\u0119 ze mn\u0105!Czekam na Twoj\u0105 wiadomo\u015b\u0107.\" \/>\n<meta property=\"og:url\" content=\"https:\/\/monikakwiatkowska.eu\/cooperation\/\" \/>\n<meta property=\"og:site_name\" content=\"Monika Rajska\" \/>\n<meta property=\"article:publisher\" content=\"https:\/\/www.facebook.com\/MKDoubleBassist\/\" \/>\n<meta property=\"article:modified_time\" content=\"2018-02-04T16:44:53+00:00\" \/>\n<meta name=\"twitter:card\" content=\"summary_large_image\" \/>\n<meta name=\"twitter:site\" content=\"@MonikaKwiat\" \/>\n<meta name=\"twitter:label1\" content=\"Szacowany czas czytania\" \/>\n\t<meta name=\"twitter:data1\" content=\"1 minuta\" \/>\n<script type=\"application\/ld+json\" class=\"yoast-schema-graph\">{\"@context\":\"https:\/\/schema.org\",\"@graph\":[{\"@type\":\"WebPage\",\"@id\":\"https:\/\/monikakwiatkowska.eu\/cooperation\/\",\"url\":\"https:\/\/monikakwiatkowska.eu\/cooperation\/\",\"name\":\"Wsp\u00f3\u0142pracuj ze mn\u0105! &#183; Monika Rajska\",\"isPartOf\":{\"@id\":\"https:\/\/monikakwiatkowska.eu\/#website\"},\"datePublished\":\"2017-04-10T14:34:16+00:00\",\"dateModified\":\"2018-02-04T16:44:53+00:00\",\"breadcrumb\":{\"@id\":\"https:\/\/monikakwiatkowska.eu\/cooperation\/#breadcrumb\"},\"inLanguage\":\"pl-PL\",\"potentialAction\":[{\"@type\":\"ReadAction\",\"target\":[\"https:\/\/monikakwiatkowska.eu\/cooperation\/\"]}]},{\"@type\":\"BreadcrumbList\",\"@id\":\"https:\/\/monikakwiatkowska.eu\/cooperation\/#breadcrumb\",\"itemListElement\":[{\"@type\":\"ListItem\",\"position\":1,\"name\":\"Home\",\"item\":\"https:\/\/monikakwiatkowska.eu\/\"},{\"@type\":\"ListItem\",\"position\":2,\"name\":\"Work With Me\"}]},{\"@type\":\"WebSite\",\"@id\":\"https:\/\/monikakwiatkowska.eu\/#website\",\"url\":\"https:\/\/monikakwiatkowska.eu\/\",\"name\":\"Monika Rajska\",\"description\":\"| Kontrabas i nie tylko |\",\"potentialAction\":[{\"@type\":\"SearchAction\",\"target\":{\"@type\":\"EntryPoint\",\"urlTemplate\":\"https:\/\/monikakwiatkowska.eu\/?s={search_term_string}\"},\"query-input\":{\"@type\":\"PropertyValueSpecification\",\"valueRequired\":true,\"valueName\":\"search_term_string\"}}],\"inLanguage\":\"pl-PL\"}]}<\/script>\n<!-- \/ Yoast SEO plugin. -->","yoast_head_json":{"title":"Wsp\u00f3\u0142pracuj ze mn\u0105! &#183; Monika Rajska","robots":{"index":"index","follow":"follow","max-snippet":"max-snippet:-1","max-image-preview":"max-image-preview:large","max-video-preview":"max-video-preview:-1"},"canonical":"https:\/\/monikakwiatkowska.eu\/cooperation\/","og_locale":"pl_PL","og_type":"article","og_title":"Wsp\u00f3\u0142pracuj ze mn\u0105! &#183; Monika Rajska","og_description":"Je\u015bli potrzebujesz kontrabasistkina koncert\/wydarzeniena projekt orkiestrowydo zespo\u0142u kameralnegodo zespo\u0142u muzyki rozrywkowejnauczycielkina zast\u0119pstwo...lub je\u015bli masz inny pomys\u0142Skontaktuj si\u0119 ze mn\u0105!Czekam na Twoj\u0105 wiadomo\u015b\u0107.","og_url":"https:\/\/monikakwiatkowska.eu\/cooperation\/","og_site_name":"Monika Rajska","article_publisher":"https:\/\/www.facebook.com\/MKDoubleBassist\/","article_modified_time":"2018-02-04T16:44:53+00:00","twitter_card":"summary_large_image","twitter_site":"@MonikaKwiat","twitter_misc":{"Szacowany czas czytania":"1 minuta"},"schema":{"@context":"https:\/\/schema.org","@graph":[{"@type":"WebPage","@id":"https:\/\/monikakwiatkowska.eu\/cooperation\/","url":"https:\/\/monikakwiatkowska.eu\/cooperation\/","name":"Wsp\u00f3\u0142pracuj ze mn\u0105! &#183; Monika Rajska","isPartOf":{"@id":"https:\/\/monikakwiatkowska.eu\/#website"},"datePublished":"2017-04-10T14:34:16+00:00","dateModified":"2018-02-04T16:44:53+00:00","breadcrumb":{"@id":"https:\/\/monikakwiatkowska.eu\/cooperation\/#breadcrumb"},"inLanguage":"pl-PL","potentialAction":[{"@type":"ReadAction","target":["https:\/\/monikakwiatkowska.eu\/cooperation\/"]}]},{"@type":"BreadcrumbList","@id":"https:\/\/monikakwiatkowska.eu\/cooperation\/#breadcrumb","itemListElement":[{"@type":"ListItem","position":1,"name":"Home","item":"https:\/\/monikakwiatkowska.eu\/"},{"@type":"ListItem","position":2,"name":"Work With Me"}]},{"@type":"WebSite","@id":"https:\/\/monikakwiatkowska.eu\/#website","url":"https:\/\/monikakwiatkowska.eu\/","name":"Monika Rajska","description":"| Kontrabas i nie tylko |","potentialAction":[{"@type":"SearchAction","target":{"@type":"EntryPoint","urlTemplate":"https:\/\/monikakwiatkowska.eu\/?s={search_term_string}"},"query-input":{"@type":"PropertyValueSpecification","valueRequired":true,"valueName":"search_term_string"}}],"inLanguage":"pl-PL"}]}},"jetpack_shortlink":"https:\/\/wp.me\/P8Ew3L-B","jetpack_sharing_enabled":true,"_links":{"self":[{"href":"https:\/\/monikakwiatkowska.eu\/pl\/wp-json\/wp\/v2\/pages\/37","targetHints":{"allow":["GET"]}}],"collection":[{"href":"https:\/\/monikakwiatkowska.eu\/pl\/wp-json\/wp\/v2\/pages"}],"about":[{"href":"https:\/\/monikakwiatkowska.eu\/pl\/wp-json\/wp\/v2\/types\/page"}],"author":[{"embeddable":true,"href":"https:\/\/monikakwiatkowska.eu\/pl\/wp-json\/wp\/v2\/users\/1"}],"replies":[{"embeddable":true,"href":"https:\/\/monikakwiatkowska.eu\/pl\/wp-json\/wp\/v2\/comments?post=37"}],"version-history":[{"count":85,"href":"https:\/\/monikakwiatkowska.eu\/pl\/wp-json\/wp\/v2\/pages\/37\/revisions"}],"predecessor-version":[{"id":947,"href":"https:\/\/monikakwiatkowska.eu\/pl\/wp-json\/wp\/v2\/pages\/37\/revisions\/947"}],"wp:attachment":[{"href":"https:\/\/monikakwiatkowska.eu\/pl\/wp-json\/wp\/v2\/media?parent=37"}],"curies":[{"name":"wp","href":"https:\/\/api.w.org\/{rel}","templated":true}]}}