{"id":27,"date":"2017-04-10T16:34:25","date_gmt":"2017-04-10T14:34:25","guid":{"rendered":"http:\/\/monikakwiatkowska.eu\/?page_id=27"},"modified":"2021-11-28T10:28:22","modified_gmt":"2021-11-28T09:28:22","slug":"lessons","status":"publish","type":"page","link":"https:\/\/monikakwiatkowska.eu\/pl\/lessons\/","title":{"rendered":"Lekcje muzyki"},"content":{"rendered":"<div id=\"pl-27\"  class=\"panel-layout\" ><div id=\"pg-27-0\"  class=\"panel-grid panel-no-style\" ><div id=\"pgc-27-0-0\"  class=\"panel-grid-cell\" >     <div id=\"panel-27-0-0-0\" class=\"so-panel widget widget_kadence_simple_image kadence_simple_image panel-first-child panel-last-child\" data-index=\"0\" >    <div class=\"kad_img_upload_widget\">\n                <img decoding=\"async\" src=\"http:\/\/monikakwiatkowska.eu\/wp-content\/uploads\/2017\/04\/lekcja-kontrabas-1.png\" alt=\"\" \/>\n                    <\/div>\n\n    <\/div>    <\/div><div id=\"pgc-27-0-1\"  class=\"panel-grid-cell\" ><div id=\"panel-27-0-1-0\" class=\"so-panel widget widget_black-studio-tinymce widget_black_studio_tinymce panel-first-child panel-last-child\" data-index=\"1\" ><div class=\"textwidget\"><h3 class=\"western\" lang=\"fr-FR\" align=\"JUSTIFY\">Kontrabas<\/h3>\n<p><span style=\"color: #ff6a23;\"><strong>Oferuj\u0119 lekcje gry na kontrabasie dla wszystkich, kt\u00f3rzy chc\u0105 gra\u0107 na tym pi\u0119knym instrumencie. Tw\u00f3j wiek nie ma znaczenia!<\/strong><\/span><\/p>\n<ul>\n<li><strong>Wszystkie poziomy<\/strong>\u00a0zaawansowania.\u00a0<\/li>\n<li><span style=\"color: #ff6a23;\"><a style=\"color: #ff6a23;\" href=\"http:\/\/monikakwiatkowska.eu\/contact-me\/\" target=\"_blank\" rel=\"noopener noreferrer\">Skontaktuj si\u0119 ze mn\u0105<\/a><\/span>\u00a0to przygotuj\u0119 indywidualny plan nauki dostosowany do Twoich potrzeb.<\/li>\n<li>Prywatnych lekcji udzielam w swoim studio lub w domu ucznia.<\/li>\n<\/ul>\n<\/div><\/div><\/div><\/div><div id=\"pg-27-1\"  class=\"panel-grid panel-no-style\" ><div id=\"pgc-27-1-0\"  class=\"panel-grid-cell\" ><div id=\"panel-27-1-0-0\" class=\"so-panel widget widget_black-studio-tinymce widget_black_studio_tinymce panel-first-child panel-last-child\" data-index=\"2\" ><div class=\"textwidget\"><hr \/>\n<\/div><\/div><\/div><\/div><div id=\"pg-27-2\"  class=\"panel-grid panel-no-style\" ><div id=\"pgc-27-2-0\"  class=\"panel-grid-cell\" >     <div id=\"panel-27-2-0-0\" class=\"so-panel widget widget_kadence_simple_image kadence_simple_image panel-first-child panel-last-child\" data-index=\"3\" >    <div class=\"kad_img_upload_widget\">\n                <img decoding=\"async\" src=\"http:\/\/monikakwiatkowska.eu\/wp-content\/uploads\/2017\/04\/online-kontrabas-1.png\" alt=\"\" \/>\n                    <\/div>\n\n    <\/div>    <\/div><div id=\"pgc-27-2-1\"  class=\"panel-grid-cell\" ><div id=\"panel-27-2-1-0\" class=\"so-panel widget widget_black-studio-tinymce widget_black_studio_tinymce panel-first-child panel-last-child\" data-index=\"4\" ><div class=\"textwidget\"><h3>Nowo\u015b\u0107! Lekcje kontrabasu online!<\/h3>\n<p>Technologia daje nam wiele mo\u017cliwo\u015bci! Je\u015bli chcesz spotka\u0107 si\u0119 ze mn\u0105 na lekcji online potrzebujesz tylko internetu i komputera z kamer\u0105! To wygodne rozwi\u0105zanie pozwoli nam pokona\u0107 najwi\u0119ksze odleg\u0142o\u015bci! Spr\u00f3bujesz?<\/p>\n<p><span style=\"color: #4ab6ec;\"><strong>Oferuj\u0119 lekcje gry na kontrabasie dla wszystkich, kt\u00f3rzy chc\u0105 gra\u0107 na tym pi\u0119knym instrumencie. Tw\u00f3j wiek nie ma znaczenia!<\/strong><\/span><\/p>\n<ul>\n<li><strong>Wszystkie poziomy<\/strong>\u00a0zaawansowania.\u00a0<\/li>\n<li><span style=\"color: #4ab6ec;\"><a style=\"color: #4ab6ec;\" href=\"http:\/\/monikakwiatkowska.eu\/contact-me\/\" target=\"_blank\" rel=\"noopener noreferrer\">Skontaktuj si\u0119 ze mn\u0105<\/a><\/span>\u00a0to przygotuj\u0119 indywidualny plan nauki dostosowany do Twoich potrzeb.<\/li>\n<\/ul>\n<\/div><\/div><\/div><\/div><div id=\"pg-27-3\"  class=\"panel-grid panel-no-style\" ><div id=\"pgc-27-3-0\"  class=\"panel-grid-cell\" ><div id=\"panel-27-3-0-0\" class=\"so-panel widget widget_black-studio-tinymce widget_black_studio_tinymce panel-first-child panel-last-child\" data-index=\"5\" ><div class=\"textwidget\"><hr \/>\n<p>\u00a0<\/p>\n<\/div><\/div><\/div><\/div><div id=\"pg-27-4\"  class=\"panel-grid panel-no-style\" ><div id=\"pgc-27-4-0\"  class=\"panel-grid-cell\" >     <div id=\"panel-27-4-0-0\" class=\"so-panel widget widget_kadence_simple_image kadence_simple_image panel-first-child panel-last-child\" data-index=\"6\" >    <div class=\"kad_img_upload_widget\">\n                <img decoding=\"async\" src=\"http:\/\/monikakwiatkowska.eu\/wp-content\/uploads\/2017\/04\/piano.png\" alt=\"\" \/>\n                    <\/div>\n\n    <\/div>    <\/div><div id=\"pgc-27-4-1\"  class=\"panel-grid-cell\" ><div id=\"panel-27-4-1-0\" class=\"so-panel widget widget_black-studio-tinymce widget_black_studio_tinymce panel-first-child panel-last-child\" data-index=\"7\" ><div class=\"textwidget\"><h3>Fortepian<\/h3>\n<p><span style=\"color: #e783a7;\"><strong>Lekcje fortepianu dla pocz\u0105tkuj\u0105cych i \u015bredniozaawansowanych. Zawsze chcia\u0142e\u015b\/a\u015b gra\u0107 na pianinie? Zg\u0142o\u015b si\u0119 do mnie! Tw\u00f3j wiek nie ma znaczenia!<\/strong><\/span><\/p>\n<ul>\n<li><span style=\"color: #e785a7;\"><a style=\"color: #e785a7;\" href=\"http:\/\/monikakwiatkowska.eu\/contact-me\/\" target=\"_blank\" rel=\"noopener noreferrer\">Skontaktuj si\u0119 ze mn\u0105<\/a><\/span>\u00a0to przygotuj\u0119 indywidualny plan nauki dostosowany do Twoich potrzeb.<\/li>\n<li>Prywatnych lekcji udzielam w swoim studio lub w domu ucznia.<\/li>\n<\/ul>\n<p>Moje pianino cyfrowe - Casio PRIVIA PX-130.<\/p>\n<\/div><\/div><\/div><\/div><div id=\"pg-27-5\"  class=\"panel-grid panel-no-style\" ><div id=\"pgc-27-5-0\"  class=\"panel-grid-cell\" ><div id=\"panel-27-5-0-0\" class=\"so-panel widget widget_black-studio-tinymce widget_black_studio_tinymce panel-first-child panel-last-child\" data-index=\"8\" ><div class=\"textwidget\"><hr \/>\n<p>\u00a0<\/p>\n<\/div><\/div><\/div><\/div><\/div><!-- AddThis Advanced Settings generic via filter on the_content --><!-- AddThis Share Buttons generic via filter on the_content -->","protected":false},"excerpt":{"rendered":"<p>KontrabasOferuj\u0119 lekcje gry na kontrabasie dla wszystkich, kt\u00f3rzy chc\u0105 gra\u0107 na tym pi\u0119knym instrumencie. Tw\u00f3j wiek nie ma znaczenia!Wszystkie poziomy\u00a0zaawansowania.\u00a0Skontaktuj si\u0119 ze mn\u0105\u00a0to przygotuj\u0119 indywidualny plan nauki dostosowany do Twoich potrzeb.Prywatnych lekcji udzielam w swoim studio lub w domu ucznia.<!-- AddThis Advanced Settings generic via filter on wp_trim_excerpt --><!-- AddThis Share Buttons generic via filter on wp_trim_excerpt --><\/p>\n","protected":false},"author":1,"featured_media":312,"parent":0,"menu_order":0,"comment_status":"closed","ping_status":"closed","template":"","meta":{"om_disable_all_campaigns":false,"_monsterinsights_skip_tracking":false,"_monsterinsights_sitenote_active":false,"_monsterinsights_sitenote_note":"","_monsterinsights_sitenote_category":0,"jetpack_post_was_ever_published":false,"footnotes":""},"class_list":["post-27","page","type-page","status-publish","has-post-thumbnail","hentry"],"aioseo_notices":[],"yoast_head":"<!-- This site is optimized with the Yoast SEO plugin v24.5 - https:\/\/yoast.com\/wordpress\/plugins\/seo\/ -->\n<title>Lekcje muzyki &#183; Monika Rajska<\/title>\n<meta name=\"robots\" content=\"index, follow, max-snippet:-1, max-image-preview:large, max-video-preview:-1\" \/>\n<link rel=\"canonical\" href=\"https:\/\/monikakwiatkowska.eu\/lessons\/\" \/>\n<meta property=\"og:locale\" content=\"pl_PL\" \/>\n<meta property=\"og:type\" content=\"article\" \/>\n<meta property=\"og:title\" content=\"Lekcje muzyki &#183; Monika Rajska\" \/>\n<meta property=\"og:description\" content=\"KontrabasOferuj\u0119 lekcje gry na kontrabasie dla wszystkich, kt\u00f3rzy chc\u0105 gra\u0107 na tym pi\u0119knym instrumencie. Tw\u00f3j wiek nie ma znaczenia!Wszystkie poziomy\u00a0zaawansowania.\u00a0Skontaktuj si\u0119 ze mn\u0105\u00a0to przygotuj\u0119 indywidualny plan nauki dostosowany do Twoich potrzeb.Prywatnych lekcji udzielam w swoim studio lub w domu ucznia.\" \/>\n<meta property=\"og:url\" content=\"https:\/\/monikakwiatkowska.eu\/lessons\/\" \/>\n<meta property=\"og:site_name\" content=\"Monika Rajska\" \/>\n<meta property=\"article:publisher\" content=\"https:\/\/www.facebook.com\/MKDoubleBassist\/\" \/>\n<meta property=\"article:modified_time\" content=\"2021-11-28T09:28:22+00:00\" \/>\n<meta property=\"og:image\" content=\"https:\/\/monikakwiatkowska.eu\/wp-content\/uploads\/2017\/04\/online-kontrabas-1.png\" \/>\n\t<meta property=\"og:image:width\" content=\"1140\" \/>\n\t<meta property=\"og:image:height\" content=\"555\" \/>\n\t<meta property=\"og:image:type\" content=\"image\/png\" \/>\n<meta name=\"twitter:card\" content=\"summary_large_image\" \/>\n<meta name=\"twitter:site\" content=\"@MonikaKwiat\" \/>\n<meta name=\"twitter:label1\" content=\"Szacowany czas czytania\" \/>\n\t<meta name=\"twitter:data1\" content=\"3 minuty\" \/>\n<script type=\"application\/ld+json\" class=\"yoast-schema-graph\">{\"@context\":\"https:\/\/schema.org\",\"@graph\":[{\"@type\":\"WebPage\",\"@id\":\"https:\/\/monikakwiatkowska.eu\/lessons\/\",\"url\":\"https:\/\/monikakwiatkowska.eu\/lessons\/\",\"name\":\"Lekcje muzyki &#183; Monika Rajska\",\"isPartOf\":{\"@id\":\"https:\/\/monikakwiatkowska.eu\/#website\"},\"primaryImageOfPage\":{\"@id\":\"https:\/\/monikakwiatkowska.eu\/lessons\/#primaryimage\"},\"image\":{\"@id\":\"https:\/\/monikakwiatkowska.eu\/lessons\/#primaryimage\"},\"thumbnailUrl\":\"https:\/\/monikakwiatkowska.eu\/wp-content\/uploads\/2017\/04\/online-kontrabas-1.png\",\"datePublished\":\"2017-04-10T14:34:25+00:00\",\"dateModified\":\"2021-11-28T09:28:22+00:00\",\"breadcrumb\":{\"@id\":\"https:\/\/monikakwiatkowska.eu\/lessons\/#breadcrumb\"},\"inLanguage\":\"pl-PL\",\"potentialAction\":[{\"@type\":\"ReadAction\",\"target\":[\"https:\/\/monikakwiatkowska.eu\/lessons\/\"]}]},{\"@type\":\"ImageObject\",\"inLanguage\":\"pl-PL\",\"@id\":\"https:\/\/monikakwiatkowska.eu\/lessons\/#primaryimage\",\"url\":\"https:\/\/monikakwiatkowska.eu\/wp-content\/uploads\/2017\/04\/online-kontrabas-1.png\",\"contentUrl\":\"https:\/\/monikakwiatkowska.eu\/wp-content\/uploads\/2017\/04\/online-kontrabas-1.png\",\"width\":1140,\"height\":555},{\"@type\":\"BreadcrumbList\",\"@id\":\"https:\/\/monikakwiatkowska.eu\/lessons\/#breadcrumb\",\"itemListElement\":[{\"@type\":\"ListItem\",\"position\":1,\"name\":\"Home\",\"item\":\"https:\/\/monikakwiatkowska.eu\/\"},{\"@type\":\"ListItem\",\"position\":2,\"name\":\"Lekcje muzyki\"}]},{\"@type\":\"WebSite\",\"@id\":\"https:\/\/monikakwiatkowska.eu\/#website\",\"url\":\"https:\/\/monikakwiatkowska.eu\/\",\"name\":\"Monika Rajska\",\"description\":\"| Kontrabas i nie tylko |\",\"potentialAction\":[{\"@type\":\"SearchAction\",\"target\":{\"@type\":\"EntryPoint\",\"urlTemplate\":\"https:\/\/monikakwiatkowska.eu\/?s={search_term_string}\"},\"query-input\":{\"@type\":\"PropertyValueSpecification\",\"valueRequired\":true,\"valueName\":\"search_term_string\"}}],\"inLanguage\":\"pl-PL\"}]}<\/script>\n<!-- \/ Yoast SEO plugin. -->","yoast_head_json":{"title":"Lekcje muzyki &#183; Monika Rajska","robots":{"index":"index","follow":"follow","max-snippet":"max-snippet:-1","max-image-preview":"max-image-preview:large","max-video-preview":"max-video-preview:-1"},"canonical":"https:\/\/monikakwiatkowska.eu\/lessons\/","og_locale":"pl_PL","og_type":"article","og_title":"Lekcje muzyki &#183; Monika Rajska","og_description":"KontrabasOferuj\u0119 lekcje gry na kontrabasie dla wszystkich, kt\u00f3rzy chc\u0105 gra\u0107 na tym pi\u0119knym instrumencie. Tw\u00f3j wiek nie ma znaczenia!Wszystkie poziomy\u00a0zaawansowania.\u00a0Skontaktuj si\u0119 ze mn\u0105\u00a0to przygotuj\u0119 indywidualny plan nauki dostosowany do Twoich potrzeb.Prywatnych lekcji udzielam w swoim studio lub w domu ucznia.","og_url":"https:\/\/monikakwiatkowska.eu\/lessons\/","og_site_name":"Monika Rajska","article_publisher":"https:\/\/www.facebook.com\/MKDoubleBassist\/","article_modified_time":"2021-11-28T09:28:22+00:00","og_image":[{"width":1140,"height":555,"url":"https:\/\/monikakwiatkowska.eu\/wp-content\/uploads\/2017\/04\/online-kontrabas-1.png","type":"image\/png"}],"twitter_card":"summary_large_image","twitter_site":"@MonikaKwiat","twitter_misc":{"Szacowany czas czytania":"3 minuty"},"schema":{"@context":"https:\/\/schema.org","@graph":[{"@type":"WebPage","@id":"https:\/\/monikakwiatkowska.eu\/lessons\/","url":"https:\/\/monikakwiatkowska.eu\/lessons\/","name":"Lekcje muzyki &#183; Monika Rajska","isPartOf":{"@id":"https:\/\/monikakwiatkowska.eu\/#website"},"primaryImageOfPage":{"@id":"https:\/\/monikakwiatkowska.eu\/lessons\/#primaryimage"},"image":{"@id":"https:\/\/monikakwiatkowska.eu\/lessons\/#primaryimage"},"thumbnailUrl":"https:\/\/monikakwiatkowska.eu\/wp-content\/uploads\/2017\/04\/online-kontrabas-1.png","datePublished":"2017-04-10T14:34:25+00:00","dateModified":"2021-11-28T09:28:22+00:00","breadcrumb":{"@id":"https:\/\/monikakwiatkowska.eu\/lessons\/#breadcrumb"},"inLanguage":"pl-PL","potentialAction":[{"@type":"ReadAction","target":["https:\/\/monikakwiatkowska.eu\/lessons\/"]}]},{"@type":"ImageObject","inLanguage":"pl-PL","@id":"https:\/\/monikakwiatkowska.eu\/lessons\/#primaryimage","url":"https:\/\/monikakwiatkowska.eu\/wp-content\/uploads\/2017\/04\/online-kontrabas-1.png","contentUrl":"https:\/\/monikakwiatkowska.eu\/wp-content\/uploads\/2017\/04\/online-kontrabas-1.png","width":1140,"height":555},{"@type":"BreadcrumbList","@id":"https:\/\/monikakwiatkowska.eu\/lessons\/#breadcrumb","itemListElement":[{"@type":"ListItem","position":1,"name":"Home","item":"https:\/\/monikakwiatkowska.eu\/"},{"@type":"ListItem","position":2,"name":"Lekcje muzyki"}]},{"@type":"WebSite","@id":"https:\/\/monikakwiatkowska.eu\/#website","url":"https:\/\/monikakwiatkowska.eu\/","name":"Monika Rajska","description":"| Kontrabas i nie tylko |","potentialAction":[{"@type":"SearchAction","target":{"@type":"EntryPoint","urlTemplate":"https:\/\/monikakwiatkowska.eu\/?s={search_term_string}"},"query-input":{"@type":"PropertyValueSpecification","valueRequired":true,"valueName":"search_term_string"}}],"inLanguage":"pl-PL"}]}},"jetpack_shortlink":"https:\/\/wp.me\/P8Ew3L-r","jetpack_sharing_enabled":true,"_links":{"self":[{"href":"https:\/\/monikakwiatkowska.eu\/pl\/wp-json\/wp\/v2\/pages\/27","targetHints":{"allow":["GET"]}}],"collection":[{"href":"https:\/\/monikakwiatkowska.eu\/pl\/wp-json\/wp\/v2\/pages"}],"about":[{"href":"https:\/\/monikakwiatkowska.eu\/pl\/wp-json\/wp\/v2\/types\/page"}],"author":[{"embeddable":true,"href":"https:\/\/monikakwiatkowska.eu\/pl\/wp-json\/wp\/v2\/users\/1"}],"replies":[{"embeddable":true,"href":"https:\/\/monikakwiatkowska.eu\/pl\/wp-json\/wp\/v2\/comments?post=27"}],"version-history":[{"count":86,"href":"https:\/\/monikakwiatkowska.eu\/pl\/wp-json\/wp\/v2\/pages\/27\/revisions"}],"predecessor-version":[{"id":1268,"href":"https:\/\/monikakwiatkowska.eu\/pl\/wp-json\/wp\/v2\/pages\/27\/revisions\/1268"}],"wp:featuredmedia":[{"embeddable":true,"href":"https:\/\/monikakwiatkowska.eu\/pl\/wp-json\/wp\/v2\/media\/312"}],"wp:attachment":[{"href":"https:\/\/monikakwiatkowska.eu\/pl\/wp-json\/wp\/v2\/media?parent=27"}],"curies":[{"name":"wp","href":"https:\/\/api.w.org\/{rel}","templated":true}]}}