{"id":1090,"date":"2018-05-25T21:30:59","date_gmt":"2018-05-25T19:30:59","guid":{"rendered":"http:\/\/monikakwiatkowska.eu\/?page_id=1090"},"modified":"2018-05-25T21:30:59","modified_gmt":"2018-05-25T19:30:59","slug":"polityka-prywatnosci","status":"publish","type":"page","link":"https:\/\/monikakwiatkowska.eu\/pl\/polityka-prywatnosci\/","title":{"rendered":"Polityka prywatno\u015bci"},"content":{"rendered":"Niniejsza Polityka Prywatno\u015bci jest zgodna z przepisami wynikaj\u0105cymi z\u00a0 art. 13 ust. 1 i ust. 2 rozporz\u0105dzenia Parlamentu Europejskiego i Rady (UE) 2016\/679 z 27 kwietnia 2016 r. w skr\u00f3cie RODO.<\/p>\n<p>Informacja formalna na pocz\u0105tek \u2013 adres mojej strony internetowej to: http:\/\/monikakwiatkowska.eu.<\/p>\n<p>Administratorem Pa\u0144stwa danych osobowych jest Monika Kwiatkowska, adres: ul. Lipowa 8, 83-031 \u017bukczyn,\u00a0 e-mail: info@monikakwiatkowska.eu.<\/p>\n<p>W razie jakichkolwiek w\u0105tpliwo\u015bci zwi\u0105zanych z polityk\u0105 prywatno\u015bci, w ka\u017cdej chwili mo\u017cesz skontaktowa\u0107 si\u0119 ze mn\u0105, wysy\u0142aj\u0105c wiadomo\u015b\u0107 na adres\u00a0info@monikakwiatkowska.eu.<\/p>\n<p><strong>Najwa\u017cniejsze informacje<\/strong><\/p>\n<ul>\n<li>Zapisuj\u0105c si\u0119 do newslettera, dodaj\u0105c komentarz na blogu lub po prostu kontaktuj\u0105c si\u0119 ze mn\u0105, przekazujesz mi swoje dane osobowe, a ja gwarantuj\u0119 Ci, \u017ce Twoje dane pozostan\u0105 poufne, bezpieczne i nie zostan\u0105 udost\u0119pnione jakimkolwiek podmiotom trzecim bez Twojej wyra\u017anej zgody.<\/li>\n<li>Korzystam z narz\u0119dzi analitycznych, takich jak Google Analytics, kt\u00f3re zbieraj\u0105 anonimowe informacje na temat Twoich odwiedzin strony, takie jak podstrony, kt\u00f3re wy\u015bwietli\u0142e\u015b, czas, jaki sp\u0119dzi\u0142e\u015b na stronie czy przej\u015bcia pomi\u0119dzy poszczeg\u00f3lnymi podstronami. Wi\u0105\u017ce si\u0119 to z wykorzystaniem plik\u00f3w cookies firmy Google.<\/li>\n<li>Korzystam z narz\u0119dzi remarketingowych, takich jak Facebook Pixel, by kierowa\u0107 do Ciebie reklamy. Wi\u0105\u017c\u0119 si\u0119 to z wykorzystywaniem plik\u00f3w cookies firmy Facebook.<\/li>\n<li>Wy\u015bwietlam na stronie filmy pochodz\u0105ce z serwisu YouTube oraz Vimeo. Ogl\u0105danie tych film\u00f3w wi\u0105\u017ce si\u0119 z akceptacj\u0105 plik\u00f3w cookies firmy Google dotycz\u0105cych us\u0142ugi YouTube oraz plik\u00f3w cookies firmy Vimeo.<\/li>\n<li>Zapewniam mo\u017cliwo\u015b\u0107 korzystania z funkcji spo\u0142eczno\u015bciowych, takich jak udost\u0119pnianie tre\u015bci w serwisach spo\u0142eczno\u015bciowych oraz subskrypcja profilu spo\u0142eczno\u015bciowego. Korzystanie z tych funkcji wi\u0105\u017ce si\u0119 z wykorzystywaniem plik\u00f3w cookies administrator\u00f3w serwis\u00f3w spo\u0142eczno\u015bciowych takich jak Facebook, Instagram, Twitter, YouTube.<\/li>\n<li>Wykorzystuj\u0119 pliki cookies, by\u015b m\u00f3g\u0142 w spos\u00f3b komfortowy korzysta\u0107 ze strony.<\/li>\n<\/ul>\n<p>Szczeg\u00f3\u0142y:<\/p>\n<p><strong>Dane osobowe<\/strong><\/p>\n<p>Administratorem Twoich danych osobowych w rozumieniu przepis\u00f3w o ochronie danych osobowych jest Monika Kwiatkowska,\u00a0adres: ul. Lipowa 8, 83-031 \u017bukczyn,\u00a0 e-mail: info@monikakwiatkowska.eu.<\/p>\n<p>Cele, podstawy prawne oraz okres przetwarzania danych osobowych wskazane s\u0105 odr\u0119bnie w stosunku do ka\u017cdego celu przetwarzania danych (patrz: postanowienia poni\u017cej zawieraj\u0105ce szczeg\u00f3\u0142owy opis r\u00f3\u017cnych cel\u00f3w przetwarzania danych).<\/p>\n<p>W zwi\u0105zku z przetwarzaniem przeze mnie Twoich danych osobowych, przys\u0142uguj\u0105 Ci nast\u0119puj\u0105ce uprawnienia:<\/p>\n<ol>\n<li>prawo do \u017c\u0105dania dost\u0119pu do swoich danych osobowych, ich sprostowania, usuni\u0119cia lub ograniczenia przetwarzania,<\/li>\n<li>prawo do wniesienia sprzeciwu wobec przetwarzania,<\/li>\n<li>prawo do przenoszenia danych,<\/li>\n<li>prawo do cofni\u0119cia zgody na przetwarzanie danych osobowych w okre\u015blonym celu, je\u017celi uprzednio wyrazi\u0142e\u015b tak\u0105 zgod\u0119,<\/li>\n<li>prawo do wniesienia skargi do organu nadzorczego w zwi\u0105zku z przetwarzaniem przeze mnie danych osobowych.<\/li>\n<\/ol>\n<p>Powy\u017csze uprawnienia mo\u017cesz realizowa\u0107 zgodnie z zasadami opisanymi w art. 16 \u2013 21 RODO, kontaktuj\u0105c si\u0119 ze mn\u0105 pod adresem info@monikakwiatkowska.eu.<\/p>\n<p>Podanie przez Ciebie danych osobowych jest zawsze dobrowolne, ale niezb\u0119dne, by z\u0142o\u017cy\u0107 zam\u00f3wienie, zapisa\u0107 si\u0119 do newslettera, doda\u0107 komentarz na blogu lub po prostu skontaktowa\u0107 si\u0119 ze mn\u0105.<\/p>\n<p>Gwarantuj\u0119 Ci poufno\u015b\u0107 wszelkich przekazanych mi danych osobowych. Zapewniam podj\u0119cie wszelkich \u015brodk\u00f3w bezpiecze\u0144stwa i ochrony danych osobowych wymaganych przez przepisy o ochronie danych osobowych. Dane osobowe s\u0105 gromadzone z nale\u017cyt\u0105 staranno\u015bci\u0105 i odpowiednio chronione przed dost\u0119pem do nich przez osoby do tego nieupowa\u017cnione. Dane osobowe przetwarzane s\u0105 wy\u0142\u0105cznie na terytorium Unii Europejskiej.<\/p>\n<p>Powierzam przetwarzanie danych osobowych nast\u0119puj\u0105cym podmiotom:<\/p>\n<ol>\n<li>Zenbox sp. z o.o., ul. D\u0105browskiego 7, 42-200 Cz\u0119stochowa, NIP: PL949-219-10-21, REGON: 242888558, KRS: 0000414281 \u2013 w celu przechowywania danych na serwerze.<\/li>\n<li>Disqus\u00a0Inc.\u00a0 &#8211; w celu obs\u0142ugiwania komentarzy. Disqus, 717 Market Street, Suite 700, San Francisco, CA 94103.<\/li>\n<\/ol>\n<p><strong>Komentarze<\/strong>. Dodaj\u0105c komentarz na blogu, przekazujesz mi swoje dane w zakresie imienia i nazwiska, adresu e-mail, adresu strony internetowej oraz tre\u015bci komentarza. Ponadto, w systemie odnotowywany jest adres IP, z wykorzystaniem kt\u00f3rego doda\u0142e\u015b komentarz.<\/p>\n<p>Dane zostaj\u0105 zapisane w bazie systemu Disqus.<\/p>\n<p>Twoje dane s\u0105 w tym przypadku przetwarzane na podstawie Twojej zgody wynikaj\u0105cej z dodania komentarza. Dane przetwarzane s\u0105 wy\u0142\u0105cznie w celu opublikowania komentarza na blogu. Cz\u0119\u015b\u0107\u00a0danych (imi\u0119 i nazwisko, zdj\u0119cie profilowe) b\u0119d\u0105 dost\u0119pne publicznie na blogu przy Twoim komentarzu.<\/p>\n<p><strong>Kontakt e-mailowy<\/strong>. Kontaktuj\u0105c si\u0119 ze mn\u0105 za po\u015brednictwem poczty elektronicznej, w spos\u00f3b naturalny przekazujesz mi sw\u00f3j adres e-mail jako adres nadawcy wiadomo\u015bci. Ponadto, w tre\u015bci wiadomo\u015bci mo\u017cesz zawrze\u0107 r\u00f3wnie\u017c inne dane osobowe.<\/p>\n<p>Podstaw\u0105 prawn\u0105 przetwarzania danych osobowych w takim przypadku jest Twoja zgoda wynikaj\u0105ca z zainicjowania ze mn\u0105 kontaktu.<\/p>\n<p>Twoje dane osobowe przekazywane mi w ramach kontaktu e-mailowego przetwarzane s\u0105 wy\u0142\u0105cznie w celu obs\u0142ugi Twojego zapytania. Tre\u015b\u0107 korespondencji mo\u017ce podlega\u0107 archiwizacji.<\/p>\n<p><strong>Pliki cookies i inne technologie \u015bledz\u0105ce<\/strong><\/p>\n<p>Moja strona, podobnie jak niemal wszystkie inne strony internetowe, wykorzystuje pliki cookies, by zapewni\u0107 Ci najlepsze do\u015bwiadczenia zwi\u0105zane z korzystaniem ze strony.<\/p>\n<p>Cookies to niewielkie informacje tekstowe, przechowywane na Twoim urz\u0105dzeniu ko\u0144cowym (np. komputerze, tablecie, smartfonie), kt\u00f3re mog\u0105 by\u0107 odczytywane przez m\u00f3j system teleinformatyczny.<\/p>\n<p>Cookies pozwalaj\u0105 mi:<\/p>\n<ul>\n<li>zapewni\u0107 prawid\u0142owe funkcjonowanie strony jakiego oczekujesz,<\/li>\n<li>poprawi\u0107 szybko\u015b\u0107 i bezpiecze\u0144stwo korzystania ze strony,<\/li>\n<li>ulepsza\u0107 funkcje dost\u0119pne dla Ciebie na stronie,<\/li>\n<li>korzysta\u0107 z narz\u0119dzi analitycznych,<\/li>\n<li>korzysta\u0107 z narz\u0119dzi marketingowych,<\/li>\n<li>korzysta\u0107 z systemu komentarzy,<\/li>\n<li>wy\u015bwietla\u0107 na stronach filmy z serwisu YouTube oraz Vimeo,<\/li>\n<li>zapewnia\u0107 funkcje spo\u0142eczno\u015bciowe.<\/li>\n<\/ul>\n<p>Wi\u0119cej szczeg\u00f3\u0142\u00f3w znajdziesz poni\u017cej.<\/p>\n<p><strong>Zgoda na cookies<\/strong>. Podczas pierwszej wizyty na stronie wy\u015bwietlana jest Ci informacja na temat stosowania plik\u00f3w cookies. Zaakceptowanie i zamkni\u0119cie tej informacji oznacza, \u017ce wyra\u017casz zgod\u0119 na wykorzystywanie plik\u00f3w cookies zgodnie z postanowieniami niniejszej polityki prywatno\u015bci. Zgod\u0119 zawsze mo\u017cesz wycofa\u0107, usuwaj\u0105c pliki cookies oraz zmieniaj\u0105c ustawienia plik\u00f3w cookies w Twojej przegl\u0105darce. Pami\u0119taj jednak, \u017ce wy\u0142\u0105czenie plik\u00f3w cookies mo\u017ce powodowa\u0107 trudno\u015bci w korzystaniu ze strony, jak r\u00f3wnie\u017c z wielu innych stron internetowych, kt\u00f3re stosuj\u0105 cookies.<\/p>\n<p><strong>Cookies w\u0142asne<\/strong>. Pliki cookies mo\u017cna podzieli\u0107 na w\u0142asne oraz pochodz\u0105ce od podmiot\u00f3w trzecich. Je\u017celi chodzi o cookies w\u0142asne, wykorzystuj\u0119 je w celu prawid\u0142owego dzia\u0142ania strony.<\/p>\n<p><strong>Cookies podmiot\u00f3w trzecich<\/strong>. Moja strona, podobnie jak wi\u0119kszo\u015b\u0107 wsp\u00f3\u0142czesnych stron internetowych, wykorzystuje funkcje zapewniane przez podmioty trzecie, co wi\u0105\u017ce si\u0119 z wykorzystywaniem plik\u00f3w cookies pochodz\u0105cych od podmiot\u00f3w trzecich. Wykorzystanie tego rodzaju plik\u00f3w cookies zosta\u0142o opisane poni\u017cej.<\/p>\n<p><strong>Analiza i statystyka<\/strong>. Wykorzystuj\u0119 cookies do \u015bledzenia statystyk strony, takich jak liczba os\u00f3b odwiedzaj\u0105cych, rodzaj systemu operacyjnego i przegl\u0105darki internetowej wykorzystywanej do przegl\u0105dania strony, czas sp\u0119dzony na stronie, odwiedzone podstrony etc. Korzystam w tym zakresie z narz\u0119dzia Google Analytics. Zbierane w tym zakresie informacje s\u0105 ca\u0142kowicie anonimowe i nie pozwalaj\u0105 na Twoj\u0105 identyfikacj\u0119. W tym celu wykorzystywane s\u0105 pliki cookies firmy Google LLC dotycz\u0105ce us\u0142ugi Google Analytics.<\/p>\n<p>Korzystanie z us\u0142ug Google Analytics wi\u0105\u017ce si\u0119 z zaimplementowaniem w kodzie mojej strony udost\u0119pnionego przez Google kodu \u015bledz\u0105cego (tzw. tracking code). Kod ten bazuje na plikach cookies, ale mo\u017ce wykorzystywa\u0107 r\u00f3wnie\u017c inne technologie \u015bledz\u0105ce.<\/p>\n<p><strong>Marketing<\/strong>. Korzystam z narz\u0119dzi marketingowych Facebooka, by kierowa\u0107 do Ciebie reklamy w tym serwisie. W tym celu zaimplementowa\u0142em w kodzie platformy Pixel Facebooka, kt\u00f3ry zapami\u0119tuje Twoje odwiedziny. W tym celu wykorzystywane s\u0105 pliki cookies firmy Facebook.<\/p>\n<p><strong>Filmy z serwisu YouTube oraz Vimeo<\/strong>. Na stronie osadzam filmy pochodz\u0105ce z serwisu YouTube oraz Vimeo. Wy\u015bwietlaj\u0105c taki film, godzisz si\u0119 na wykorzystywanie plik\u00f3w cookies firmy Google LLC dotycz\u0105cych us\u0142ugi YouTube lub plik\u00f3w cookies firmy Vimeo.<\/p>\n<p><strong>Funkcje spo\u0142eczno\u015bciowe<\/strong>. Zapewniam mo\u017cliwo\u015b\u0107 korzystania z funkcji spo\u0142eczno\u015bciowych, takich jak udost\u0119pnianie tre\u015bci w serwisach spo\u0142eczno\u015bciowych oraz subskrypcja profilu spo\u0142eczno\u015bciowego. Korzystanie z tych funkcji wi\u0105\u017ce si\u0119 z wykorzystywaniem plik\u00f3w cookies administrator\u00f3w serwis\u00f3w spo\u0142eczno\u015bciowych takich jak Facebook, Instagram, YouTube.<\/p>\n<p><strong>Komentarze<\/strong>. Komentarze na blogu obs\u0142ugiwane s\u0105 przez system Disqus.<\/p>\n<p><strong>Logi serwera<\/strong><\/p>\n<p>Korzystanie ze strony wi\u0105\u017ce si\u0119 z przesy\u0142aniem zapyta\u0144 do serwera, na kt\u00f3rym przechowywana jest strona. Ka\u017cde zapytanie skierowane do serwera zapisywane jest w logach serwera.<\/p>\n<p>Logi obejmuj\u0105 m.in. Tw\u00f3j adres IP, dat\u0119 i czas serwera, informacje o przegl\u0105darce internetowej i systemie operacyjnym z jakiego korzystasz. Logi zapisywane i przechowywane s\u0105 na serwerze.<\/p>\n<p>Dane zapisane w logach serwera nie s\u0105 kojarzone z konkretnymi osobami korzystaj\u0105cymi ze serwisu i nie s\u0105 wykorzystywane przeze mnie w celu Twojej identyfikacji.<\/p>\n<p>Logi serwera stanowi\u0105 wy\u0142\u0105cznie materia\u0142 pomocniczy s\u0142u\u017c\u0105cy do administrowania stron\u0105 a ich zawarto\u015b\u0107 nie jest ujawniana nikomu poza osobami upowa\u017cnionymi do administrowania serwerem.\n<!-- AddThis Advanced Settings generic via filter on the_content --><!-- AddThis Share Buttons generic via filter on the_content -->","protected":false},"excerpt":{"rendered":"<p>Niniejsza Polityka Prywatno\u015bci jest zgodna z przepisami wynikaj\u0105cymi z\u00a0 art. 13 ust. 1 i ust. 2 rozporz\u0105dzenia Parlamentu Europejskiego i Rady (UE) 2016\/679 z 27 kwietnia 2016 r. w skr\u00f3cie RODO. Informacja formalna na pocz\u0105tek \u2013 adres mojej strony internetowej &hellip; <a href=\"https:\/\/monikakwiatkowska.eu\/pl\/polityka-prywatnosci\/\">Czytaj wi\u0119cej<\/a><!-- AddThis Advanced Settings generic via filter on wp_trim_excerpt --><!-- AddThis Share Buttons generic via filter on wp_trim_excerpt --><\/p>\n","protected":false},"author":1,"featured_media":0,"parent":0,"menu_order":0,"comment_status":"closed","ping_status":"closed","template":"","meta":{"om_disable_all_campaigns":false,"_monsterinsights_skip_tracking":false,"_monsterinsights_sitenote_active":false,"_monsterinsights_sitenote_note":"","_monsterinsights_sitenote_category":0,"jetpack_post_was_ever_published":false,"footnotes":""},"class_list":["post-1090","page","type-page","status-publish","hentry"],"aioseo_notices":[],"yoast_head":"<!-- This site is optimized with the Yoast SEO plugin v24.5 - https:\/\/yoast.com\/wordpress\/plugins\/seo\/ -->\n<title>Polityka prywatno\u015bci &#183; Monika Rajska<\/title>\n<meta name=\"robots\" content=\"index, follow, max-snippet:-1, max-image-preview:large, max-video-preview:-1\" \/>\n<link rel=\"canonical\" href=\"https:\/\/monikakwiatkowska.eu\/polityka-prywatnosci\/\" \/>\n<meta property=\"og:locale\" content=\"pl_PL\" \/>\n<meta property=\"og:type\" content=\"article\" \/>\n<meta property=\"og:title\" content=\"Polityka prywatno\u015bci &#183; Monika Rajska\" \/>\n<meta property=\"og:description\" content=\"Niniejsza Polityka Prywatno\u015bci jest zgodna z przepisami wynikaj\u0105cymi z\u00a0 art. 13 ust. 1 i ust. 2 rozporz\u0105dzenia Parlamentu Europejskiego i Rady (UE) 2016\/679 z 27 kwietnia 2016 r. w skr\u00f3cie RODO. Informacja formalna na pocz\u0105tek \u2013 adres mojej strony internetowej &hellip; Czytaj wi\u0119cej\" \/>\n<meta property=\"og:url\" content=\"https:\/\/monikakwiatkowska.eu\/polityka-prywatnosci\/\" \/>\n<meta property=\"og:site_name\" content=\"Monika Rajska\" \/>\n<meta property=\"article:publisher\" content=\"https:\/\/www.facebook.com\/MKDoubleBassist\/\" \/>\n<meta name=\"twitter:card\" content=\"summary_large_image\" \/>\n<meta name=\"twitter:site\" content=\"@MonikaKwiat\" \/>\n<meta name=\"twitter:label1\" content=\"Szacowany czas czytania\" \/>\n\t<meta name=\"twitter:data1\" content=\"7 minut\" \/>\n<script type=\"application\/ld+json\" class=\"yoast-schema-graph\">{\"@context\":\"https:\/\/schema.org\",\"@graph\":[{\"@type\":\"WebPage\",\"@id\":\"https:\/\/monikakwiatkowska.eu\/polityka-prywatnosci\/\",\"url\":\"https:\/\/monikakwiatkowska.eu\/polityka-prywatnosci\/\",\"name\":\"Polityka prywatno\u015bci &#183; Monika Rajska\",\"isPartOf\":{\"@id\":\"https:\/\/monikakwiatkowska.eu\/#website\"},\"datePublished\":\"2018-05-25T19:30:59+00:00\",\"breadcrumb\":{\"@id\":\"https:\/\/monikakwiatkowska.eu\/polityka-prywatnosci\/#breadcrumb\"},\"inLanguage\":\"pl-PL\",\"potentialAction\":[{\"@type\":\"ReadAction\",\"target\":[\"https:\/\/monikakwiatkowska.eu\/polityka-prywatnosci\/\"]}]},{\"@type\":\"BreadcrumbList\",\"@id\":\"https:\/\/monikakwiatkowska.eu\/polityka-prywatnosci\/#breadcrumb\",\"itemListElement\":[{\"@type\":\"ListItem\",\"position\":1,\"name\":\"Home\",\"item\":\"https:\/\/monikakwiatkowska.eu\/\"},{\"@type\":\"ListItem\",\"position\":2,\"name\":\"Polityka prywatno\u015bci\"}]},{\"@type\":\"WebSite\",\"@id\":\"https:\/\/monikakwiatkowska.eu\/#website\",\"url\":\"https:\/\/monikakwiatkowska.eu\/\",\"name\":\"Monika Rajska\",\"description\":\"| Kontrabas i nie tylko |\",\"potentialAction\":[{\"@type\":\"SearchAction\",\"target\":{\"@type\":\"EntryPoint\",\"urlTemplate\":\"https:\/\/monikakwiatkowska.eu\/?s={search_term_string}\"},\"query-input\":{\"@type\":\"PropertyValueSpecification\",\"valueRequired\":true,\"valueName\":\"search_term_string\"}}],\"inLanguage\":\"pl-PL\"}]}<\/script>\n<!-- \/ Yoast SEO plugin. -->","yoast_head_json":{"title":"Polityka prywatno\u015bci &#183; Monika Rajska","robots":{"index":"index","follow":"follow","max-snippet":"max-snippet:-1","max-image-preview":"max-image-preview:large","max-video-preview":"max-video-preview:-1"},"canonical":"https:\/\/monikakwiatkowska.eu\/polityka-prywatnosci\/","og_locale":"pl_PL","og_type":"article","og_title":"Polityka prywatno\u015bci &#183; Monika Rajska","og_description":"Niniejsza Polityka Prywatno\u015bci jest zgodna z przepisami wynikaj\u0105cymi z\u00a0 art. 13 ust. 1 i ust. 2 rozporz\u0105dzenia Parlamentu Europejskiego i Rady (UE) 2016\/679 z 27 kwietnia 2016 r. w skr\u00f3cie RODO. Informacja formalna na pocz\u0105tek \u2013 adres mojej strony internetowej &hellip; Czytaj wi\u0119cej","og_url":"https:\/\/monikakwiatkowska.eu\/polityka-prywatnosci\/","og_site_name":"Monika Rajska","article_publisher":"https:\/\/www.facebook.com\/MKDoubleBassist\/","twitter_card":"summary_large_image","twitter_site":"@MonikaKwiat","twitter_misc":{"Szacowany czas czytania":"7 minut"},"schema":{"@context":"https:\/\/schema.org","@graph":[{"@type":"WebPage","@id":"https:\/\/monikakwiatkowska.eu\/polityka-prywatnosci\/","url":"https:\/\/monikakwiatkowska.eu\/polityka-prywatnosci\/","name":"Polityka prywatno\u015bci &#183; Monika Rajska","isPartOf":{"@id":"https:\/\/monikakwiatkowska.eu\/#website"},"datePublished":"2018-05-25T19:30:59+00:00","breadcrumb":{"@id":"https:\/\/monikakwiatkowska.eu\/polityka-prywatnosci\/#breadcrumb"},"inLanguage":"pl-PL","potentialAction":[{"@type":"ReadAction","target":["https:\/\/monikakwiatkowska.eu\/polityka-prywatnosci\/"]}]},{"@type":"BreadcrumbList","@id":"https:\/\/monikakwiatkowska.eu\/polityka-prywatnosci\/#breadcrumb","itemListElement":[{"@type":"ListItem","position":1,"name":"Home","item":"https:\/\/monikakwiatkowska.eu\/"},{"@type":"ListItem","position":2,"name":"Polityka prywatno\u015bci"}]},{"@type":"WebSite","@id":"https:\/\/monikakwiatkowska.eu\/#website","url":"https:\/\/monikakwiatkowska.eu\/","name":"Monika Rajska","description":"| Kontrabas i nie tylko |","potentialAction":[{"@type":"SearchAction","target":{"@type":"EntryPoint","urlTemplate":"https:\/\/monikakwiatkowska.eu\/?s={search_term_string}"},"query-input":{"@type":"PropertyValueSpecification","valueRequired":true,"valueName":"search_term_string"}}],"inLanguage":"pl-PL"}]}},"jetpack_shortlink":"https:\/\/wp.me\/P8Ew3L-hA","jetpack_sharing_enabled":true,"_links":{"self":[{"href":"https:\/\/monikakwiatkowska.eu\/pl\/wp-json\/wp\/v2\/pages\/1090","targetHints":{"allow":["GET"]}}],"collection":[{"href":"https:\/\/monikakwiatkowska.eu\/pl\/wp-json\/wp\/v2\/pages"}],"about":[{"href":"https:\/\/monikakwiatkowska.eu\/pl\/wp-json\/wp\/v2\/types\/page"}],"author":[{"embeddable":true,"href":"https:\/\/monikakwiatkowska.eu\/pl\/wp-json\/wp\/v2\/users\/1"}],"replies":[{"embeddable":true,"href":"https:\/\/monikakwiatkowska.eu\/pl\/wp-json\/wp\/v2\/comments?post=1090"}],"version-history":[{"count":1,"href":"https:\/\/monikakwiatkowska.eu\/pl\/wp-json\/wp\/v2\/pages\/1090\/revisions"}],"predecessor-version":[{"id":1091,"href":"https:\/\/monikakwiatkowska.eu\/pl\/wp-json\/wp\/v2\/pages\/1090\/revisions\/1091"}],"wp:attachment":[{"href":"https:\/\/monikakwiatkowska.eu\/pl\/wp-json\/wp\/v2\/media?parent=1090"}],"curies":[{"name":"wp","href":"https:\/\/api.w.org\/{rel}","templated":true}]}}