{"id":6,"date":"2017-04-06T11:42:16","date_gmt":"2017-04-06T09:42:16","guid":{"rendered":"http:\/\/monikakwiatkowska.eu\/?page_id=6"},"modified":"2021-12-03T17:51:36","modified_gmt":"2021-12-03T16:51:36","slug":"strona-glowna","status":"publish","type":"page","link":"https:\/\/monikakwiatkowska.eu\/fr\/","title":{"rendered":"Strona g\u0142\u00f3wna"},"content":{"rendered":"<div id=\"pl-6\"  class=\"panel-layout\" ><div id=\"pg-6-0\"  class=\"panel-grid panel-has-style\" ><div class=\"siteorigin-panels-stretch panel-row-style panel-row-style-for-6-0\" data-stretch-type=\"full\" ><div id=\"pgc-6-0-0\"  class=\"panel-grid-cell\" ><div id=\"panel-6-0-0-0\" class=\"so-panel widget widget_sow-headline panel-first-child panel-last-child\" data-index=\"0\" ><div\n\t\t\t\n\t\t\tclass=\"so-widget-sow-headline so-widget-sow-headline-default-4024214f4ce3-6\"\n\t\t\t\n\t\t><div class=\"sow-headline-container \">\n\t\t\t\t\t\t\t<h1 class=\"sow-headline\">\n\t\t\t\t\t\tWhat are you looking for?\t\t\t\t\t\t<\/h1>\n\t\t\t\t\t\t<\/div>\n<\/div><\/div><\/div><\/div><\/div><div id=\"pg-6-1\"  class=\"panel-grid panel-no-style\" ><div id=\"pgc-6-1-0\"  class=\"panel-grid-cell\" ><div id=\"panel-6-1-0-0\" class=\"so-panel widget widget_sow-icon panel-first-child\" data-index=\"1\" ><div\n\t\t\t\n\t\t\tclass=\"so-widget-sow-icon so-widget-sow-icon-default-3371269a56d9-6\"\n\t\t\t\n\t\t>\n<div class=\"sow-icon-container sow-icon\">\n\t\t\t<a href=\"https:\/\/monikakwiatkowska.eu\/fr\/lessons\/\" >\n\t\t\t<span class=\"sow-icon-fontawesome sow-fas\" data-sow-icon=\"&#xf19d;\"\n\t\t \n\t\taria-hidden=\"true\"><\/span>\t\t\t<\/a>\n\t<\/div>\n<\/div><\/div><div id=\"panel-6-1-0-1\" class=\"so-panel widget widget_sow-editor panel-last-child\" data-index=\"2\" ><div\n\t\t\t\n\t\t\tclass=\"so-widget-sow-editor so-widget-sow-editor-base\"\n\t\t\t\n\t\t><h3 class=\"widget-title\">Music Teacher?<\/h3>\n<div class=\"siteorigin-widget-tinymce textwidget\">\n\t<\/div>\n<\/div><\/div><\/div><div id=\"pgc-6-1-1\"  class=\"panel-grid-cell\" ><div id=\"panel-6-1-1-0\" class=\"so-panel widget widget_sow-icon panel-first-child\" data-index=\"3\" ><div\n\t\t\t\n\t\t\tclass=\"so-widget-sow-icon so-widget-sow-icon-default-f0a179221add-6\"\n\t\t\t\n\t\t>\n<div class=\"sow-icon-container sow-icon\">\n\t\t\t<a href=\"https:\/\/monikakwiatkowska.eu\/fr\/cooperation\/\" >\n\t\t\t<span class=\"sow-icon-fontawesome sow-fas\" data-sow-icon=\"&#xf001;\"\n\t\t \n\t\taria-hidden=\"true\"><\/span>\t\t\t<\/a>\n\t<\/div>\n<\/div><\/div><div id=\"panel-6-1-1-1\" class=\"so-panel widget widget_sow-editor panel-last-child\" data-index=\"4\" ><div\n\t\t\t\n\t\t\tclass=\"so-widget-sow-editor so-widget-sow-editor-base\"\n\t\t\t\n\t\t><h3 class=\"widget-title\">Double Bassist?<\/h3>\n<div class=\"siteorigin-widget-tinymce textwidget\">\n\t<\/div>\n<\/div><\/div><\/div><div id=\"pgc-6-1-2\"  class=\"panel-grid-cell\" ><div id=\"panel-6-1-2-0\" class=\"so-panel widget widget_sow-icon panel-first-child\" data-index=\"5\" ><div\n\t\t\t\n\t\t\tclass=\"so-widget-sow-icon so-widget-sow-icon-default-3371269a56d9-6\"\n\t\t\t\n\t\t>\n<div class=\"sow-icon-container sow-icon\">\n\t\t\t<a href=\"https:\/\/monikakwiatkowska.eu\/fr\/about-me\/\" >\n\t\t\t<span class=\"sow-icon-fontawesome sow-far\" data-sow-icon=\"&#xf2b9;\"\n\t\t \n\t\taria-hidden=\"true\"><\/span>\t\t\t<\/a>\n\t<\/div>\n<\/div><\/div><div id=\"panel-6-1-2-1\" class=\"so-panel widget widget_sow-editor panel-last-child\" data-index=\"6\" ><div\n\t\t\t\n\t\t\tclass=\"so-widget-sow-editor so-widget-sow-editor-base\"\n\t\t\t\n\t\t><h3 class=\"widget-title\">About Monika<\/h3>\n<div class=\"siteorigin-widget-tinymce textwidget\">\n\t<\/div>\n<\/div><\/div><\/div><\/div><div id=\"pg-6-2\"  class=\"panel-grid panel-has-style\" ><div class=\"siteorigin-panels-stretch panel-row-style panel-row-style-for-6-2\" data-stretch-type=\"full-stretched\" ><div id=\"pgc-6-2-0\"  class=\"panel-grid-cell\" ><div id=\"panel-6-2-0-0\" class=\"so-panel widget widget_sow-hero panel-first-child panel-last-child\" data-index=\"7\" ><div\n\t\t\t\n\t\t\tclass=\"so-widget-sow-hero so-widget-sow-hero-default-51bace5f0133-6 so-widget-fittext-wrapper\"\n\t\t\t\n\t\t>\t\t\t\t<div class=\"sow-slider-base\" style=\"display: none\" tabindex=\"0\">\n\t\t\t\t\t<ul\n\t\t\t\t\tclass=\"sow-slider-images\"\n\t\t\t\t\tdata-settings=\"{&quot;pagination&quot;:true,&quot;speed&quot;:800,&quot;timeout&quot;:8000,&quot;paused&quot;:false,&quot;pause_on_hover&quot;:false,&quot;swipe&quot;:true,&quot;nav_always_show_desktop&quot;:&quot;&quot;,&quot;nav_always_show_mobile&quot;:&quot;&quot;,&quot;breakpoint&quot;:&quot;780px&quot;,&quot;unmute&quot;:false,&quot;anchor&quot;:null}\"\n\t\t\t\t\t\t\t\t\t\tdata-anchor-id=\"\"\n\t\t\t\t>\t\t<li class=\"sow-slider-image  sow-slider-image-cover\" style=\"visibility: visible;;background-color: #333333\" >\n\t\t\t\t\t<div class=\"sow-slider-image-container\">\n\t\t\t<div class=\"sow-slider-image-wrapper\">\n\t\t\t\t<h1 style=\"text-align: center\">Music with Passion<\/h1>\n<p style=\"text-align: center\">Double Bass and More<\/p>\n<div class=\"sow-hero-buttons\" style=\"text-align: center\"><div\n\t\t\t\n\t\t\tclass=\"so-widget-sow-button so-widget-sow-button-flat-d588e5f0ce59\"\n\t\t\t\n\t\t><div class=\"ow-button-base ow-button-align-center\">\n\t\t\t<a\n\t\t\t\t\thref=\"https:\/\/monikakwiatkowska.eu\/fr\/contact-me\/\"\n\t\t\t\t\tclass=\"sowb-button ow-icon-placement-left ow-button-hover\" \t>\n\t\t<span>\n\t\t\t\n\t\t\tContact Now\t\t<\/span>\n\t\t\t<\/a>\n\t<\/div>\n<\/div><\/div>\n<h1 style=\"text-align: center\">\t\t\t<\/div>\n\t\t<\/div>\n\t\t<div class=\"sow-slider-image-overlay sow-slider-image-cover\" style=\"opacity: 0.9;background-image: url(https:\/\/monikakwiatkowska.eu\/wp-content\/uploads\/2017\/04\/Untitled-design-1-1.png)\"  ><\/div>\t\t<\/li>\n\t\t<\/ul>\t\t\t\t<ol class=\"sow-slider-pagination\">\n\t\t\t\t\t\t\t\t\t\t\t<li><a href=\"#\" data-goto=\"0\" aria-label=\"Display slide 1\"><\/a><\/li>\n\t\t\t\t\t\t\t\t\t<\/ol>\n\n\t\t\t\t<div class=\"sow-slide-nav sow-slide-nav-next\">\n\t\t\t\t\t<a href=\"#\" data-goto=\"next\" aria-label=\"Next slide\" data-action=\"next\">\n\t\t\t\t\t\t<em class=\"sow-sld-icon-thin-right\"><\/em>\n\t\t\t\t\t<\/a>\n\t\t\t\t<\/div>\n\n\t\t\t\t<div class=\"sow-slide-nav sow-slide-nav-prev\">\n\t\t\t\t\t<a href=\"#\" data-goto=\"previous\" aria-label=\"Previous slide\" data-action=\"prev\">\n\t\t\t\t\t\t<em class=\"sow-sld-icon-thin-left\"><\/em>\n\t\t\t\t\t<\/a>\n\t\t\t\t<\/div>\n\t\t\t\t<\/div><\/div><\/div><\/div><\/div><\/div><\/div><!-- AddThis Advanced Settings generic via filter on the_content --><!-- AddThis Share Buttons generic via filter on the_content -->","protected":false},"excerpt":{"rendered":"<p>What are you looking for? Music Teacher? Double Bassist? About Monika Music with Passion Double Bass and More Contact Now<!-- AddThis Advanced Settings generic via filter on wp_trim_excerpt --><!-- AddThis Share Buttons generic via filter on wp_trim_excerpt --><\/p>\n","protected":false},"author":1,"featured_media":285,"parent":0,"menu_order":0,"comment_status":"closed","ping_status":"closed","template":"","meta":{"om_disable_all_campaigns":false,"_monsterinsights_skip_tracking":false,"_monsterinsights_sitenote_active":false,"_monsterinsights_sitenote_note":"","_monsterinsights_sitenote_category":0,"jetpack_post_was_ever_published":false,"footnotes":""},"class_list":["post-6","page","type-page","status-publish","has-post-thumbnail","hentry"],"aioseo_notices":[],"yoast_head":"<!-- This site is optimized with the Yoast SEO plugin v24.5 - https:\/\/yoast.com\/wordpress\/plugins\/seo\/ -->\n<title>Double Bassist &#183; Monika RajskaDouble Bassist &#183; Monika Rajska<\/title>\n<meta name=\"description\" content=\"Double Bassist. Freelancer. Music Teacher (double bass, cello, violin, piano). Studied in Poland and Sweden, based in France. Open for cooperation!Double Bassist. Music Teacher (double bass, piano). Studied in Poland and Sweden, Open for cooperation!\" \/>\n<meta name=\"robots\" content=\"index, follow, max-snippet:-1, max-image-preview:large, max-video-preview:-1\" \/>\n<link rel=\"canonical\" href=\"https:\/\/monikakwiatkowska.eu\/\" \/>\n<meta property=\"og:locale\" content=\"fr_FR\" \/>\n<meta property=\"og:type\" content=\"article\" \/>\n<meta property=\"og:title\" content=\"[:en]Double Bassist &#183; Monika Rajska[:fr]Double Bassist &#183; Monika Rajska[:pl][:en]Double Bassist &#183; Monika Rajska [:fr]Double Bassist &#183; Monika Rajska [:pl]Kontrabasistka &#183; Monika Rajska [:][:]\" \/>\n<meta property=\"og:description\" content=\"{:en}Double Bassist. Freelancer. Music Teacher (double bass, cello, violin, piano). Studied in Poland and Sweden, based in France. Open for cooperation!{:fr}Double Bassist. Freelancer. Music Teacher (double bass, cello, violin, piano). Studied in Poland and Sweden, based in France. Open for cooperation!{:pl}{:en}Double Bassist. Music Teacher (double bass, piano). Studied in Poland and Sweden, based. Open for cooperation!{:fr}Double Bassist. Music Teacher (double bass, piano). Studied in Poland and Sweden, Open for cooperation!{:pl}MUZYKA - PASJA - KONTRABAS. Nauczycielka Zespo\u0142u Szk\u00f3\u0142 Muzycznych w Gda\u0144sku - Wrzeszczu. Lekcje prywatne (kontrabas, pianino). Zadzwo\u0144\/napisz!{:}{:}\" \/>\n<meta property=\"og:url\" content=\"https:\/\/monikakwiatkowska.eu\/\" \/>\n<meta property=\"og:site_name\" content=\"Monika Rajska\" \/>\n<meta property=\"article:publisher\" content=\"https:\/\/www.facebook.com\/MKDoubleBassist\/\" \/>\n<meta property=\"article:modified_time\" content=\"2021-12-03T16:51:36+00:00\" \/>\n<meta property=\"og:image\" content=\"https:\/\/monikakwiatkowska.eu\/wp-content\/uploads\/2017\/06\/cover-photo-double-bass-music-passion.png\" \/>\n\t<meta property=\"og:image:width\" content=\"2000\" \/>\n\t<meta property=\"og:image:height\" content=\"800\" \/>\n\t<meta property=\"og:image:type\" content=\"image\/png\" \/>\n<meta name=\"twitter:card\" content=\"summary_large_image\" \/>\n<meta name=\"twitter:site\" content=\"@MonikaKwiat\" \/>\n<script type=\"application\/ld+json\" class=\"yoast-schema-graph\">{\"@context\":\"https:\/\/schema.org\",\"@graph\":[{\"@type\":\"WebPage\",\"@id\":\"https:\/\/monikakwiatkowska.eu\/\",\"url\":\"https:\/\/monikakwiatkowska.eu\/\",\"name\":\"[:en]Double Bassist &#183; Monika Rajska[:fr]Double Bassist &#183; Monika Rajska[:pl][:en]Double Bassist &#183; Monika Rajska [:fr]Double Bassist &#183; Monika Rajska [:pl]Kontrabasistka &#183; Monika Rajska [:][:]\",\"isPartOf\":{\"@id\":\"https:\/\/monikakwiatkowska.eu\/#website\"},\"primaryImageOfPage\":{\"@id\":\"https:\/\/monikakwiatkowska.eu\/#primaryimage\"},\"image\":{\"@id\":\"https:\/\/monikakwiatkowska.eu\/#primaryimage\"},\"thumbnailUrl\":\"https:\/\/monikakwiatkowska.eu\/wp-content\/uploads\/2017\/06\/cover-photo-double-bass-music-passion.png\",\"datePublished\":\"2017-04-06T09:42:16+00:00\",\"dateModified\":\"2021-12-03T16:51:36+00:00\",\"description\":\"{:en}Double Bassist. Freelancer. Music Teacher (double bass, cello, violin, piano). Studied in Poland and Sweden, based in France. Open for cooperation!{:fr}Double Bassist. Freelancer. Music Teacher (double bass, cello, violin, piano). Studied in Poland and Sweden, based in France. Open for cooperation!{:pl}{:en}Double Bassist. Music Teacher (double bass, piano). Studied in Poland and Sweden, based. Open for cooperation!{:fr}Double Bassist. Music Teacher (double bass, piano). Studied in Poland and Sweden, Open for cooperation!{:pl}MUZYKA - PASJA - KONTRABAS. Nauczycielka Zespo\u0142u Szk\u00f3\u0142 Muzycznych w Gda\u0144sku - Wrzeszczu. Lekcje prywatne (kontrabas, pianino). Zadzwo\u0144\/napisz!{:}{:}\",\"breadcrumb\":{\"@id\":\"https:\/\/monikakwiatkowska.eu\/#breadcrumb\"},\"inLanguage\":\"fr-FR\",\"potentialAction\":[{\"@type\":\"ReadAction\",\"target\":[\"https:\/\/monikakwiatkowska.eu\/\"]}]},{\"@type\":\"ImageObject\",\"inLanguage\":\"fr-FR\",\"@id\":\"https:\/\/monikakwiatkowska.eu\/#primaryimage\",\"url\":\"https:\/\/monikakwiatkowska.eu\/wp-content\/uploads\/2017\/06\/cover-photo-double-bass-music-passion.png\",\"contentUrl\":\"https:\/\/monikakwiatkowska.eu\/wp-content\/uploads\/2017\/06\/cover-photo-double-bass-music-passion.png\",\"width\":2000,\"height\":800,\"caption\":\"double bass music passion\"},{\"@type\":\"BreadcrumbList\",\"@id\":\"https:\/\/monikakwiatkowska.eu\/#breadcrumb\",\"itemListElement\":[{\"@type\":\"ListItem\",\"position\":1,\"name\":\"Home\",\"item\":\"https:\/\/monikakwiatkowska.eu\/\"},{\"@type\":\"ListItem\",\"position\":2,\"name\":\"Strona g\u0142\u00f3wna\"}]},{\"@type\":\"WebSite\",\"@id\":\"https:\/\/monikakwiatkowska.eu\/#website\",\"url\":\"https:\/\/monikakwiatkowska.eu\/\",\"name\":\"Monika Rajska\",\"description\":\"| Contrebasse |\",\"potentialAction\":[{\"@type\":\"SearchAction\",\"target\":{\"@type\":\"EntryPoint\",\"urlTemplate\":\"https:\/\/monikakwiatkowska.eu\/?s={search_term_string}\"},\"query-input\":{\"@type\":\"PropertyValueSpecification\",\"valueRequired\":true,\"valueName\":\"search_term_string\"}}],\"inLanguage\":\"fr-FR\"}]}<\/script>\n<!-- \/ Yoast SEO plugin. -->","yoast_head_json":{"title":"Double Bassist &#183; Monika RajskaDouble Bassist &#183; Monika Rajska","description":"Double Bassist. Freelancer. Music Teacher (double bass, cello, violin, piano). Studied in Poland and Sweden, based in France. Open for cooperation!Double Bassist. Music Teacher (double bass, piano). Studied in Poland and Sweden, Open for cooperation!","robots":{"index":"index","follow":"follow","max-snippet":"max-snippet:-1","max-image-preview":"max-image-preview:large","max-video-preview":"max-video-preview:-1"},"canonical":"https:\/\/monikakwiatkowska.eu\/","og_locale":"fr_FR","og_type":"article","og_title":"[:en]Double Bassist &#183; Monika Rajska[:fr]Double Bassist &#183; Monika Rajska[:pl][:en]Double Bassist &#183; Monika Rajska [:fr]Double Bassist &#183; Monika Rajska [:pl]Kontrabasistka &#183; Monika Rajska [:][:]","og_description":"{:en}Double Bassist. Freelancer. Music Teacher (double bass, cello, violin, piano). Studied in Poland and Sweden, based in France. Open for cooperation!{:fr}Double Bassist. Freelancer. Music Teacher (double bass, cello, violin, piano). Studied in Poland and Sweden, based in France. Open for cooperation!{:pl}{:en}Double Bassist. Music Teacher (double bass, piano). Studied in Poland and Sweden, based. Open for cooperation!{:fr}Double Bassist. Music Teacher (double bass, piano). Studied in Poland and Sweden, Open for cooperation!{:pl}MUZYKA - PASJA - KONTRABAS. Nauczycielka Zespo\u0142u Szk\u00f3\u0142 Muzycznych w Gda\u0144sku - Wrzeszczu. Lekcje prywatne (kontrabas, pianino). Zadzwo\u0144\/napisz!{:}{:}","og_url":"https:\/\/monikakwiatkowska.eu\/","og_site_name":"Monika Rajska","article_publisher":"https:\/\/www.facebook.com\/MKDoubleBassist\/","article_modified_time":"2021-12-03T16:51:36+00:00","og_image":[{"width":2000,"height":800,"url":"https:\/\/monikakwiatkowska.eu\/wp-content\/uploads\/2017\/06\/cover-photo-double-bass-music-passion.png","type":"image\/png"}],"twitter_card":"summary_large_image","twitter_site":"@MonikaKwiat","schema":{"@context":"https:\/\/schema.org","@graph":[{"@type":"WebPage","@id":"https:\/\/monikakwiatkowska.eu\/","url":"https:\/\/monikakwiatkowska.eu\/","name":"[:en]Double Bassist &#183; Monika Rajska[:fr]Double Bassist &#183; Monika Rajska[:pl][:en]Double Bassist &#183; Monika Rajska [:fr]Double Bassist &#183; Monika Rajska [:pl]Kontrabasistka &#183; Monika Rajska [:][:]","isPartOf":{"@id":"https:\/\/monikakwiatkowska.eu\/#website"},"primaryImageOfPage":{"@id":"https:\/\/monikakwiatkowska.eu\/#primaryimage"},"image":{"@id":"https:\/\/monikakwiatkowska.eu\/#primaryimage"},"thumbnailUrl":"https:\/\/monikakwiatkowska.eu\/wp-content\/uploads\/2017\/06\/cover-photo-double-bass-music-passion.png","datePublished":"2017-04-06T09:42:16+00:00","dateModified":"2021-12-03T16:51:36+00:00","description":"{:en}Double Bassist. Freelancer. Music Teacher (double bass, cello, violin, piano). Studied in Poland and Sweden, based in France. Open for cooperation!{:fr}Double Bassist. Freelancer. Music Teacher (double bass, cello, violin, piano). Studied in Poland and Sweden, based in France. Open for cooperation!{:pl}{:en}Double Bassist. Music Teacher (double bass, piano). Studied in Poland and Sweden, based. Open for cooperation!{:fr}Double Bassist. Music Teacher (double bass, piano). Studied in Poland and Sweden, Open for cooperation!{:pl}MUZYKA - PASJA - KONTRABAS. Nauczycielka Zespo\u0142u Szk\u00f3\u0142 Muzycznych w Gda\u0144sku - Wrzeszczu. Lekcje prywatne (kontrabas, pianino). Zadzwo\u0144\/napisz!{:}{:}","breadcrumb":{"@id":"https:\/\/monikakwiatkowska.eu\/#breadcrumb"},"inLanguage":"fr-FR","potentialAction":[{"@type":"ReadAction","target":["https:\/\/monikakwiatkowska.eu\/"]}]},{"@type":"ImageObject","inLanguage":"fr-FR","@id":"https:\/\/monikakwiatkowska.eu\/#primaryimage","url":"https:\/\/monikakwiatkowska.eu\/wp-content\/uploads\/2017\/06\/cover-photo-double-bass-music-passion.png","contentUrl":"https:\/\/monikakwiatkowska.eu\/wp-content\/uploads\/2017\/06\/cover-photo-double-bass-music-passion.png","width":2000,"height":800,"caption":"double bass music passion"},{"@type":"BreadcrumbList","@id":"https:\/\/monikakwiatkowska.eu\/#breadcrumb","itemListElement":[{"@type":"ListItem","position":1,"name":"Home","item":"https:\/\/monikakwiatkowska.eu\/"},{"@type":"ListItem","position":2,"name":"Strona g\u0142\u00f3wna"}]},{"@type":"WebSite","@id":"https:\/\/monikakwiatkowska.eu\/#website","url":"https:\/\/monikakwiatkowska.eu\/","name":"Monika Rajska","description":"| Contrebasse |","potentialAction":[{"@type":"SearchAction","target":{"@type":"EntryPoint","urlTemplate":"https:\/\/monikakwiatkowska.eu\/?s={search_term_string}"},"query-input":{"@type":"PropertyValueSpecification","valueRequired":true,"valueName":"search_term_string"}}],"inLanguage":"fr-FR"}]}},"jetpack_shortlink":"https:\/\/wp.me\/P8Ew3L-6","jetpack_sharing_enabled":true,"_links":{"self":[{"href":"https:\/\/monikakwiatkowska.eu\/fr\/wp-json\/wp\/v2\/pages\/6","targetHints":{"allow":["GET"]}}],"collection":[{"href":"https:\/\/monikakwiatkowska.eu\/fr\/wp-json\/wp\/v2\/pages"}],"about":[{"href":"https:\/\/monikakwiatkowska.eu\/fr\/wp-json\/wp\/v2\/types\/page"}],"author":[{"embeddable":true,"href":"https:\/\/monikakwiatkowska.eu\/fr\/wp-json\/wp\/v2\/users\/1"}],"replies":[{"embeddable":true,"href":"https:\/\/monikakwiatkowska.eu\/fr\/wp-json\/wp\/v2\/comments?post=6"}],"version-history":[{"count":44,"href":"https:\/\/monikakwiatkowska.eu\/fr\/wp-json\/wp\/v2\/pages\/6\/revisions"}],"predecessor-version":[{"id":1292,"href":"https:\/\/monikakwiatkowska.eu\/fr\/wp-json\/wp\/v2\/pages\/6\/revisions\/1292"}],"wp:featuredmedia":[{"embeddable":true,"href":"https:\/\/monikakwiatkowska.eu\/fr\/wp-json\/wp\/v2\/media\/285"}],"wp:attachment":[{"href":"https:\/\/monikakwiatkowska.eu\/fr\/wp-json\/wp\/v2\/media?parent=6"}],"curies":[{"name":"wp","href":"https:\/\/api.w.org\/{rel}","templated":true}]}}