{"id":42,"date":"2017-04-10T16:39:41","date_gmt":"2017-04-10T14:39:41","guid":{"rendered":"http:\/\/monikakwiatkowska.eu\/?page_id=42"},"modified":"2025-02-20T10:47:29","modified_gmt":"2025-02-20T09:47:29","slug":"about-me","status":"publish","type":"page","link":"https:\/\/monikakwiatkowska.eu\/fr\/about-me\/","title":{"rendered":"Pour mieux me conna\u00eetre"},"content":{"rendered":"<div id=\"pl-42\"  class=\"panel-layout\" ><div id=\"pg-42-0\"  class=\"panel-grid panel-no-style\" ><div id=\"pgc-42-0-0\"  class=\"panel-grid-cell\" >     <div id=\"panel-42-0-0-0\" class=\"so-panel widget widget_kadence_simple_image kadence_simple_image panel-first-child panel-last-child\" data-index=\"0\" >    <div class=\"kad_img_upload_widget\">\n                <img decoding=\"async\" src=\"http:\/\/monikakwiatkowska.eu\/wp-content\/uploads\/2017\/04\/about1-2.png\" alt=\"\" \/>\n                    <\/div>\n\n    <\/div>    <\/div><div id=\"pgc-42-0-1\"  class=\"panel-grid-cell\" ><div id=\"panel-42-0-1-0\" class=\"so-panel widget widget_black-studio-tinymce widget_black_studio_tinymce panel-first-child panel-last-child\" data-index=\"1\" ><div class=\"textwidget\"><h3>Passions<\/h3>\n<p lang=\"fr-FR\" align=\"JUSTIFY\">J\u2018essaie de lier plusieurs passions. Quand j\u2019etais petite, je jouais du violon, mais par la suite j\u2019ai opt\u00e9 pour la contrebasse, qui s\u2019est av\u00e9r\u00e9e ma vraie passion. Dans le m\u00eame temps, je me passionne pour le journalisme, les sciences politiques et les enjeux sociaux. Je continue de m\u2019en occuper et m\u00eame de dev\u00e9lopper d\u2019autres int\u00e9r\u00eats annexes tels que les nouveaux m\u00e9dia sociaux et \u00e9galement l\u2019\u00e9cologie.<\/p>\n<p lang=\"fr-FR\" align=\"JUSTIFY\">De formation classique comme contrebassiste, je poss\u00e8de \u00e9galement une exp\u00e9rience dans les domaines de la musique exp\u00e9rimentale, du hip-hop et du jazz. J\u2019aime travailler avec d\u2019autres musiciens, m\u2019enrichissant ainsi de nouvelles approches musicales.<\/p>\n<h3>\n<\/div><\/div><\/div><\/div><div id=\"pg-42-1\"  class=\"panel-grid panel-no-style\" ><div id=\"pgc-42-1-0\"  class=\"panel-grid-cell\" ><div id=\"panel-42-1-0-0\" class=\"so-panel widget widget_black-studio-tinymce widget_black_studio_tinymce panel-first-child panel-last-child\" data-index=\"2\" ><div class=\"textwidget\"><h4>\u00c9tudes<\/h3>\n<p lang=\"fr-FR\" align=\"JUSTIFY\">J\u2019ai grandi dans le nord de la Pologne. J\u2019ai \u00e9tudi\u00e9 les sciences <a href=\"http:\/\/wns.ug.edu.pl\/wydzial\/instytuty_wns\/instytut_politologii\" target=\"_blank\" rel=\"noopener\">politiques \u00e0 l\u2019Universit\u00e9 de Gda\u0144sk<\/a> et la contrebasse \u00e0 Gda\u0144sk \u00e9galement, \u00e0 <a href=\"http:\/\/www.amuz.gda.pl\/\" target=\"_blank\" rel=\"noopener\">l\u2019Acad\u00e9mie de musique<\/a>.<\/p>\n<p lang=\"fr-FR\" align=\"JUSTIFY\">En 2014 j\u2019ai d\u00e9m\u00e9nag\u00e9 en Su\u00e8de, o\u00f9 jusqu\u2019en 2017 j\u2019ai \u00e9tudi\u00e9 les questions li\u00e9es au jeu <a href=\"https:\/\/hsm.gu.se\/english\/education\/ma-symphonic-orchestra-performance\" target=\"_blank\" rel=\"noopener\">orchestral symphonique<\/a> et \u00e0 l\u2019interpr\u00e9tation des instruments orchestraux \u00e0 <a href=\"http:\/\/hsm.gu.se\/english\/?languageId=100001&amp;disableRedirect=true&amp;returnUrl=http%3A%2F%2Fhsm.gu.se%2F\" target=\"_blank\" rel=\"noopener\">l\u2019Acad\u00e9mie de musique et de th\u00e9\u00e2tre<\/a> de l\u2019Universit\u00e9 de G\u00f6teborg.<\/p>\n<p align=\"JUSTIFY\"><span lang=\"fr-FR\">Mes professeurs de contrebasse: <\/span><span lang=\"fr-FR\">Charles De Ramus, Hans Adler, Jan Alm, Janusz Dobrowolski et Leszek Kaufman. J\u2019ai particip<\/span><span lang=\"fr-FR\">\u00e9 aux cours de <\/span><span lang=\"fr-FR\">Klaus Stoll,\u00a0Leon Bosh, Miloslav Gajdos, Johan Ekenberg, Pawe\u0142 Jab\u0142czy\u0144ski, Peter Leerdam, Andrzej Mysi\u0144ski, Wenancjusz Kurzawa, Piotr Kurzawa, S\u0142awomir Grenda, Bogus\u0142aw Furtok et Joanna Krempe\u0107-Kaczor.<\/span><\/p>\n<p align=\"JUSTIFY\">Apr\u00e8s un an de vie en France, o\u00f9 j'ai enseign\u00e9 aux enfants, je suis rentr\u00e9 en Pologne. J'habite\u00a0actuellement \u00e0 Pruszcz Gda\u0144ski et depuis septembre 2019, je suis professeur de contrebasse \u00e0 <a href=\"https:\/\/www.gov.pl\/web\/zsmgdansk\" target=\"_blank\" rel=\"noopener\">l'\u00e9cole de musique de Gda\u0144sk-Wrzeszcz<\/a>. Depuis 2024, je suis \u00e9galement biblioth\u00e9caire dans cette \u00e9cole.<\/p>\n<h3>\n<\/div><\/div><\/div><div id=\"pgc-42-1-1\"  class=\"panel-grid-cell\" >     <div id=\"panel-42-1-1-0\" class=\"so-panel widget widget_kadence_simple_image kadence_simple_image panel-first-child panel-last-child\" data-index=\"3\" >    <div class=\"kad_img_upload_widget\">\n                <img decoding=\"async\" src=\"http:\/\/monikakwiatkowska.eu\/wp-content\/uploads\/2017\/04\/about-2-1.png\" alt=\"\" \/>\n                    <\/div>\n\n    <\/div>    <\/div><\/div><div id=\"pg-42-2\"  class=\"panel-grid panel-no-style\" ><div id=\"pgc-42-2-0\"  class=\"panel-grid-cell\" >     <div id=\"panel-42-2-0-0\" class=\"so-panel widget widget_kadence_simple_image kadence_simple_image panel-first-child panel-last-child\" data-index=\"4\" >    <div class=\"kad_img_upload_widget\">\n                <img decoding=\"async\" src=\"http:\/\/monikakwiatkowska.eu\/wp-content\/uploads\/2017\/06\/about-3.png\" alt=\"\" \/>\n                    <\/div>\n\n    <\/div>    <\/div><div id=\"pgc-42-2-1\"  class=\"panel-grid-cell\" ><div id=\"panel-42-2-1-0\" class=\"so-panel widget widget_black-studio-tinymce widget_black_studio_tinymce panel-first-child panel-last-child\" data-index=\"5\" ><div class=\"textwidget\"><h4 style=\"text-align: left;\">Enseignement<\/h4>\n<p lang=\"fr-FR\" align=\"JUSTIFY\">Initier des jeunes au monde de la musique est une chose fascinante \u00e0 bien des \u00e9gards. La musique est le meilleur des outils pour l\u2019expression personnelle. En outre, cela nous permet de d\u00e9couvrir autant les qualit\u00e9s que les d\u00e9fauts de chacun ou chacune. Travailler sur cela demeure une mani\u00e8re fantastique pour m\u00fbrir. Sur ce point, je suis une enseignante exp\u00e9riment\u00e9e de contrebasse, violon et aussi de piano.<\/p>\n<h4>\n<\/div><\/div><\/div><\/div><div id=\"pg-42-3\"  class=\"panel-grid panel-no-style\" ><div id=\"pgc-42-3-0\"  class=\"panel-grid-cell\" ><div id=\"panel-42-3-0-0\" class=\"so-panel widget widget_black-studio-tinymce widget_black_studio_tinymce panel-first-child panel-last-child\" data-index=\"6\" ><div class=\"textwidget\"><h4>Orchestre Symphonique<\/h4>\n<p lang=\"fr-FR\" align=\"JUSTIFY\">Faire partie d\u2019un groupe extraordinaire de personnes li\u00e9es entre elles par l\u2019amour de la musique est l\u2019une des meilleures sensations que j\u2019ai jamais \u00e9prouv\u00e9e. Jouer dans un orchestre est passionnant aussi bien sur le plan individuel que social. C\u2019est une grande opportunit\u00e9 non seulement afin d\u2019approfondir le r\u00e9pertoire classique, mais aussi pour d\u00e9velopper son sens de la communication et l\u2019intersubjectivit\u00e9 active (en gros le feed-back au sein de l\u2019orchestre).<\/p>\n<h4>\n<\/div><\/div><\/div><div id=\"pgc-42-3-1\"  class=\"panel-grid-cell\" >     <div id=\"panel-42-3-1-0\" class=\"so-panel widget widget_kadence_simple_image kadence_simple_image panel-first-child panel-last-child\" data-index=\"7\" >    <div class=\"kad_img_upload_widget\">\n                <img decoding=\"async\" src=\"http:\/\/monikakwiatkowska.eu\/wp-content\/uploads\/2017\/04\/about-4.png\" alt=\"\" \/>\n                    <\/div>\n\n    <\/div>    <\/div><\/div><div id=\"pg-42-4\"  class=\"panel-grid panel-no-style\" ><div id=\"pgc-42-4-0\"  class=\"panel-grid-cell\" >     <div id=\"panel-42-4-0-0\" class=\"so-panel widget widget_kadence_simple_image kadence_simple_image panel-first-child panel-last-child\" data-index=\"8\" >    <div class=\"kad_img_upload_widget\">\n                <img decoding=\"async\" src=\"http:\/\/monikakwiatkowska.eu\/wp-content\/uploads\/2017\/04\/about-5.png\" alt=\"\" \/>\n                    <\/div>\n\n    <\/div>    <\/div><div id=\"pgc-42-4-1\"  class=\"panel-grid-cell\" ><div id=\"panel-42-4-1-0\" class=\"so-panel widget widget_black-studio-tinymce widget_black_studio_tinymce panel-first-child panel-last-child\" data-index=\"9\" ><div class=\"textwidget\"><h4>Exp\u00e9rience<\/h4>\n<div class=\"row\">\n\n<div class=\"col-md-6\">2024 IX - <span lang=\"fr-FR\">now<\/span> <\/div><div class=\"col-md-6\"><strong>Biblioth\u00e9caire musicale<\/strong><b>\u00a0<\/b>- \u00e0 <a href=\"https:\/\/www.gov.pl\/web\/zsmgdansk\" target=\"_blank\" rel=\"noopener\">l'\u00c9cole de Musique de Gdansk-Wrzeszcz<\/a>[<\/div>\n\n<div class=\"col-md-6\">2019 IX - <span lang=\"fr-FR\">actuellement<\/span> <\/div><div class=\"col-md-6\"><span lang=\"fr-FR\"><strong>Professeur de <\/strong><\/span><strong>contrebasse<\/strong> - \u00e0 <a href=\"https:\/\/www.gov.pl\/web\/zsmgdansk\" target=\"_blank\" rel=\"noopener\">l'\u00c9cole de Musique de Gdansk-Wrzeszcz<\/a><\/div>\n\n<span lang=\"fr-FR\"><div class=\"col-md-6\">2017 \u2013 2018<\/div><div class=\"col-md-6\"><strong>Professeur de musique<\/strong> -\u00a0\u00c9veil Musical<\/div><\/span>\n\n<span lang=\"fr-FR\"><div class=\"col-md-6\">2015 \u2013 2018<\/div><div class=\"col-md-6\"><strong>Ma\u00eetre de musique<\/strong>: le\u00e7ons priv<\/span><span lang=\"fr-FR\">\u00e9es de piano, contrebasse, violoncelle et violon<\/div><\/span>\n\n<div class=\"col-md-6\">2013 \u2013 2017<\/div><div class=\"col-md-6\"><strong>Universit\u00e9 de G\u00f6teborg, Orchestre Symphonique<\/strong> \u2013 tous ensemble\/premi\u00e8re contrebasse<\/div>\n\n<div class=\"col-md-6\">2016 XI<\/div><div class=\"col-md-6\"><strong>Orchestre du <a href=\"http:\/\/www.auroramusic.se\/\" target=\"_blank\" rel=\"noopener\">Festival de Musique AURORA<\/a><\/strong> - tous ensemble\/contrebasse<\/div>\n\n<div class=\"col-md-6\">2016 I - 2016 VI<\/div><div class=\"col-md-6\"><strong><a href=\"http:\/\/www.operabaltycka.pl\/en\/index\/index\" target=\"_blank\" rel=\"noopener\">Op\u00e9ra de la Baltique de Gda\u0144sk<\/a> <\/strong>- tous ensemble\/contrebasse<\/div>\n\n<div class=\"col-md-6\">2013 \u2013 2015<\/div><div class=\"col-md-6\"><strong>\u00ab<a href=\"http:\/\/www.orchestra.culture.pl\/en\/\" target=\"_blank\" rel=\"noopener\">\u00a0I, Culture Orchestra\u00a0<\/a>\u00bb<\/strong> - tous ensemble\/contrebasse<\/div>\n\n<span lang=\"fr-FR\"><div class=\"col-md-6\">2012 \u2013 2014<\/div><div class=\"col-md-6\"><strong>\u00ab\u00a0<a href=\"http:\/\/monikakwiatkowska.eu\/portfolio\/atmen-trio\/\" target=\"_blank\" rel=\"noopener\">Atmen Trio<\/a>\u00a0\u00bb<\/strong> \u2013 <\/span><span lang=\"fr-FR\">trio de musique exp<\/span><span lang=\"fr-FR\">\u00e9rimentale<\/div><\/span>\n\n<span lang=\"fr-FR\"><div class=\"col-md-6\">2011 \u2013 2014 <\/div><div class=\"col-md-6\"><strong>Orchestre Symphonique de l\u2019Acad<\/strong><\/span><strong><span lang=\"fr-FR\">\u00e9mie de Musique de Gda\u0144sk<\/span><\/strong><span lang=\"fr-FR\"> - <\/span><span lang=\"fr-FR\">tous ensemble\/contrebasse<\/div><\/span>\n\n<span lang=\"fr-FR\"><div class=\"col-md-6\">2011 \u2013 2014<\/div><div class=\"col-md-6\"><strong>\u00ab\u00a0<a href=\"http:\/\/monikakwiatkowska.eu\/portfolio\/le-batard-de-la-raison\/\" target=\"_blank\" rel=\"noopener\">Le B\u00e2tard de la Raison<\/a><\/strong><\/span><span lang=\"fr-FR\"><strong>\u00a0\u00bb<\/strong> - <\/span><span lang=\"fr-FR\">contrebasse<\/span><span lang=\"fr-FR\">\/<\/span><span lang=\"fr-FR\">contrebasse \u00e9<\/span><span lang=\"fr-FR\">lectrique<\/div><\/span>\n\n<div class=\"col-md-6\">2011 \u2013 2013<\/div><div class=\"col-md-6\"><strong>Stage comme enseignante de contrebasse<\/strong> dans les Ecoles de Musique de Gda\u0144sk<\/div><span lang=\"fr-FR\"><\/div><\/span>\n<h4><\/div><\/div><\/div><\/div><\/div><!-- AddThis Advanced Settings generic via filter on the_content --><!-- AddThis Share Buttons generic via filter on the_content -->","protected":false},"excerpt":{"rendered":"<p>Passions J\u2018essaie de lier plusieurs passions. Quand j\u2019etais petite, je jouais du violon, mais par la suite j\u2019ai opt\u00e9 pour la contrebasse, qui s\u2019est av\u00e9r\u00e9e ma vraie passion. Dans le m\u00eame temps, je me passionne pour le journalisme, les sciences &hellip; <a href=\"https:\/\/monikakwiatkowska.eu\/fr\/about-me\/\">Lire la suite<\/a><!-- AddThis Advanced Settings generic via filter on wp_trim_excerpt --><!-- AddThis Share Buttons generic via filter on wp_trim_excerpt --><\/p>\n","protected":false},"author":1,"featured_media":0,"parent":0,"menu_order":0,"comment_status":"closed","ping_status":"closed","template":"","meta":{"om_disable_all_campaigns":false,"_monsterinsights_skip_tracking":false,"_monsterinsights_sitenote_active":false,"_monsterinsights_sitenote_note":"","_monsterinsights_sitenote_category":0,"jetpack_post_was_ever_published":false,"footnotes":""},"class_list":["post-42","page","type-page","status-publish","hentry"],"aioseo_notices":[],"yoast_head":"<!-- This site is optimized with the Yoast SEO plugin v24.5 - https:\/\/yoast.com\/wordpress\/plugins\/seo\/ -->\n<title>Pour mieux me conna\u00eetre &#183; Monika Rajska<\/title>\n<meta name=\"robots\" content=\"index, follow, max-snippet:-1, max-image-preview:large, max-video-preview:-1\" \/>\n<link rel=\"canonical\" href=\"https:\/\/monikakwiatkowska.eu\/about-me\/\" \/>\n<meta property=\"og:locale\" content=\"fr_FR\" \/>\n<meta property=\"og:type\" content=\"article\" \/>\n<meta property=\"og:title\" content=\"Pour mieux me conna\u00eetre &#183; Monika Rajska\" \/>\n<meta property=\"og:description\" content=\"Passions J\u2018essaie de lier plusieurs passions. Quand j\u2019etais petite, je jouais du violon, mais par la suite j\u2019ai opt\u00e9 pour la contrebasse, qui s\u2019est av\u00e9r\u00e9e ma vraie passion. Dans le m\u00eame temps, je me passionne pour le journalisme, les sciences &hellip; Lire la suite\" \/>\n<meta property=\"og:url\" content=\"https:\/\/monikakwiatkowska.eu\/about-me\/\" \/>\n<meta property=\"og:site_name\" content=\"Monika Rajska\" \/>\n<meta property=\"article:publisher\" content=\"https:\/\/www.facebook.com\/MKDoubleBassist\/\" \/>\n<meta property=\"article:modified_time\" content=\"2025-02-20T09:47:29+00:00\" \/>\n<meta name=\"twitter:card\" content=\"summary_large_image\" \/>\n<meta name=\"twitter:site\" content=\"@MonikaKwiat\" \/>\n<meta name=\"twitter:label1\" content=\"Dur\u00e9e de lecture estim\u00e9e\" \/>\n\t<meta name=\"twitter:data1\" content=\"8 minutes\" \/>\n<script type=\"application\/ld+json\" class=\"yoast-schema-graph\">{\"@context\":\"https:\/\/schema.org\",\"@graph\":[{\"@type\":\"WebPage\",\"@id\":\"https:\/\/monikakwiatkowska.eu\/about-me\/\",\"url\":\"https:\/\/monikakwiatkowska.eu\/about-me\/\",\"name\":\"Pour mieux me conna\u00eetre &#183; Monika Rajska\",\"isPartOf\":{\"@id\":\"https:\/\/monikakwiatkowska.eu\/#website\"},\"datePublished\":\"2017-04-10T14:39:41+00:00\",\"dateModified\":\"2025-02-20T09:47:29+00:00\",\"breadcrumb\":{\"@id\":\"https:\/\/monikakwiatkowska.eu\/about-me\/#breadcrumb\"},\"inLanguage\":\"fr-FR\",\"potentialAction\":[{\"@type\":\"ReadAction\",\"target\":[\"https:\/\/monikakwiatkowska.eu\/about-me\/\"]}]},{\"@type\":\"BreadcrumbList\",\"@id\":\"https:\/\/monikakwiatkowska.eu\/about-me\/#breadcrumb\",\"itemListElement\":[{\"@type\":\"ListItem\",\"position\":1,\"name\":\"Home\",\"item\":\"https:\/\/monikakwiatkowska.eu\/\"},{\"@type\":\"ListItem\",\"position\":2,\"name\":\"About Me\"}]},{\"@type\":\"WebSite\",\"@id\":\"https:\/\/monikakwiatkowska.eu\/#website\",\"url\":\"https:\/\/monikakwiatkowska.eu\/\",\"name\":\"Monika Rajska\",\"description\":\"| Contrebasse |\",\"potentialAction\":[{\"@type\":\"SearchAction\",\"target\":{\"@type\":\"EntryPoint\",\"urlTemplate\":\"https:\/\/monikakwiatkowska.eu\/?s={search_term_string}\"},\"query-input\":{\"@type\":\"PropertyValueSpecification\",\"valueRequired\":true,\"valueName\":\"search_term_string\"}}],\"inLanguage\":\"fr-FR\"}]}<\/script>\n<!-- \/ Yoast SEO plugin. -->","yoast_head_json":{"title":"Pour mieux me conna\u00eetre &#183; Monika Rajska","robots":{"index":"index","follow":"follow","max-snippet":"max-snippet:-1","max-image-preview":"max-image-preview:large","max-video-preview":"max-video-preview:-1"},"canonical":"https:\/\/monikakwiatkowska.eu\/about-me\/","og_locale":"fr_FR","og_type":"article","og_title":"Pour mieux me conna\u00eetre &#183; Monika Rajska","og_description":"Passions J\u2018essaie de lier plusieurs passions. Quand j\u2019etais petite, je jouais du violon, mais par la suite j\u2019ai opt\u00e9 pour la contrebasse, qui s\u2019est av\u00e9r\u00e9e ma vraie passion. Dans le m\u00eame temps, je me passionne pour le journalisme, les sciences &hellip; Lire la suite","og_url":"https:\/\/monikakwiatkowska.eu\/about-me\/","og_site_name":"Monika Rajska","article_publisher":"https:\/\/www.facebook.com\/MKDoubleBassist\/","article_modified_time":"2025-02-20T09:47:29+00:00","twitter_card":"summary_large_image","twitter_site":"@MonikaKwiat","twitter_misc":{"Dur\u00e9e de lecture estim\u00e9e":"8 minutes"},"schema":{"@context":"https:\/\/schema.org","@graph":[{"@type":"WebPage","@id":"https:\/\/monikakwiatkowska.eu\/about-me\/","url":"https:\/\/monikakwiatkowska.eu\/about-me\/","name":"Pour mieux me conna\u00eetre &#183; Monika Rajska","isPartOf":{"@id":"https:\/\/monikakwiatkowska.eu\/#website"},"datePublished":"2017-04-10T14:39:41+00:00","dateModified":"2025-02-20T09:47:29+00:00","breadcrumb":{"@id":"https:\/\/monikakwiatkowska.eu\/about-me\/#breadcrumb"},"inLanguage":"fr-FR","potentialAction":[{"@type":"ReadAction","target":["https:\/\/monikakwiatkowska.eu\/about-me\/"]}]},{"@type":"BreadcrumbList","@id":"https:\/\/monikakwiatkowska.eu\/about-me\/#breadcrumb","itemListElement":[{"@type":"ListItem","position":1,"name":"Home","item":"https:\/\/monikakwiatkowska.eu\/"},{"@type":"ListItem","position":2,"name":"About Me"}]},{"@type":"WebSite","@id":"https:\/\/monikakwiatkowska.eu\/#website","url":"https:\/\/monikakwiatkowska.eu\/","name":"Monika Rajska","description":"| Contrebasse |","potentialAction":[{"@type":"SearchAction","target":{"@type":"EntryPoint","urlTemplate":"https:\/\/monikakwiatkowska.eu\/?s={search_term_string}"},"query-input":{"@type":"PropertyValueSpecification","valueRequired":true,"valueName":"search_term_string"}}],"inLanguage":"fr-FR"}]}},"jetpack_shortlink":"https:\/\/wp.me\/P8Ew3L-G","jetpack_sharing_enabled":true,"_links":{"self":[{"href":"https:\/\/monikakwiatkowska.eu\/fr\/wp-json\/wp\/v2\/pages\/42","targetHints":{"allow":["GET"]}}],"collection":[{"href":"https:\/\/monikakwiatkowska.eu\/fr\/wp-json\/wp\/v2\/pages"}],"about":[{"href":"https:\/\/monikakwiatkowska.eu\/fr\/wp-json\/wp\/v2\/types\/page"}],"author":[{"embeddable":true,"href":"https:\/\/monikakwiatkowska.eu\/fr\/wp-json\/wp\/v2\/users\/1"}],"replies":[{"embeddable":true,"href":"https:\/\/monikakwiatkowska.eu\/fr\/wp-json\/wp\/v2\/comments?post=42"}],"version-history":[{"count":201,"href":"https:\/\/monikakwiatkowska.eu\/fr\/wp-json\/wp\/v2\/pages\/42\/revisions"}],"predecessor-version":[{"id":1453,"href":"https:\/\/monikakwiatkowska.eu\/fr\/wp-json\/wp\/v2\/pages\/42\/revisions\/1453"}],"wp:attachment":[{"href":"https:\/\/monikakwiatkowska.eu\/fr\/wp-json\/wp\/v2\/media?parent=42"}],"curies":[{"name":"wp","href":"https:\/\/api.w.org\/{rel}","templated":true}]}}