{"id":27,"date":"2017-04-10T16:34:25","date_gmt":"2017-04-10T14:34:25","guid":{"rendered":"http:\/\/monikakwiatkowska.eu\/?page_id=27"},"modified":"2021-11-28T10:28:22","modified_gmt":"2021-11-28T09:28:22","slug":"lessons","status":"publish","type":"page","link":"https:\/\/monikakwiatkowska.eu\/fr\/lessons\/","title":{"rendered":"Enseignement"},"content":{"rendered":"<div id=\"pl-27\"  class=\"panel-layout\" ><div id=\"pg-27-0\"  class=\"panel-grid panel-no-style\" ><div id=\"pgc-27-0-0\"  class=\"panel-grid-cell\" >     <div id=\"panel-27-0-0-0\" class=\"so-panel widget widget_kadence_simple_image kadence_simple_image panel-first-child panel-last-child\" data-index=\"0\" >    <div class=\"kad_img_upload_widget\">\n                <img decoding=\"async\" src=\"http:\/\/monikakwiatkowska.eu\/wp-content\/uploads\/2017\/04\/lekcja-kontrabas-1.png\" alt=\"\" \/>\n                    <\/div>\n\n    <\/div>    <\/div><div id=\"pgc-27-0-1\"  class=\"panel-grid-cell\" ><div id=\"panel-27-0-1-0\" class=\"so-panel widget widget_black-studio-tinymce widget_black_studio_tinymce panel-first-child panel-last-child\" data-index=\"1\" ><div class=\"textwidget\"><h3 class=\"western\" lang=\"fr-FR\" align=\"JUSTIFY\">Contrebasse<\/h3>\n<p align=\"JUSTIFY\"><strong><span style=\"color: #ff6a23;\"><span lang=\"fr-FR\">Je donne des <\/span><span lang=\"fr-FR\">le\u00e7ons <\/span><span lang=\"fr-FR\">\u00e2 tout un chacun qui d\u00e9sire jouer de la contrebasse. Votre \u00e2ge n\u2019a aucune importance\u00a0!<\/span><\/span><\/strong><\/p>\n<ul>\n<li>\n<p lang=\"fr-FR\" align=\"JUSTIFY\">Je peux vous aider quel que soit votre niveau, <strong>de grand d\u00e9butant \u00e0 avanc\u00e9\u00a0!<\/strong><\/p>\n<\/li>\n<li>\n<p lang=\"fr-FR\" align=\"JUSTIFY\"><a href=\"http:\/\/monikakwiatkowska.eu\/contact-me\/\" target=\"_blank\" rel=\"noopener\"><span style=\"color: #ff6a23;\">Contactez-moi <\/span><\/a>et je vous pr\u00e9parerai <strong>un plan d\u2019action individuel<\/strong> \u00ab\u00a0sur mesure\u00a0\u00bb ou \u00ab\u00a0bespoke musical lesson\u00a0\u00bb comme on dit en anglais.<\/p>\n<\/li>\n<li>\n<p align=\"JUSTIFY\"><span lang=\"fr-FR\">Les <\/span><span lang=\"fr-FR\">le\u00e7ons<strong> one-to-one<\/strong> peuvent \u00eatre dispens<\/span><span lang=\"fr-FR\">\u00e9es dans le lieu de votre choix.<\/span><\/p>\n<\/li>\n<\/ul>\n<h3 class=\"western\" lang=\"fr-FR\" align=\"JUSTIFY\">\n<\/div><\/div><\/div><\/div><div id=\"pg-27-1\"  class=\"panel-grid panel-no-style\" ><div id=\"pgc-27-1-0\"  class=\"panel-grid-cell\" ><div id=\"panel-27-1-0-0\" class=\"so-panel widget widget_black-studio-tinymce widget_black_studio_tinymce panel-first-child panel-last-child\" data-index=\"2\" ><div class=\"textwidget\"><hr \/>\n<\/div><\/div><\/div><\/div><div id=\"pg-27-2\"  class=\"panel-grid panel-no-style\" ><div id=\"pgc-27-2-0\"  class=\"panel-grid-cell\" >     <div id=\"panel-27-2-0-0\" class=\"so-panel widget widget_kadence_simple_image kadence_simple_image panel-first-child panel-last-child\" data-index=\"3\" >    <div class=\"kad_img_upload_widget\">\n                <img decoding=\"async\" src=\"http:\/\/monikakwiatkowska.eu\/wp-content\/uploads\/2017\/04\/online-kontrabas-1.png\" alt=\"\" \/>\n                    <\/div>\n\n    <\/div>    <\/div><div id=\"pgc-27-2-1\"  class=\"panel-grid-cell\" ><div id=\"panel-27-2-1-0\" class=\"so-panel widget widget_black-studio-tinymce widget_black_studio_tinymce panel-first-child panel-last-child\" data-index=\"4\" ><div class=\"textwidget\"><h3>Nouveau! <\/span><span lang=\"fr-FR\">Le\u00e7on<\/span> <span lang=\"fr-FR\">de<\/span> <span lang=\"fr-FR\">contrebasse<\/span> <span lang=\"fr-FR\">Online<\/span><\/h3>\n<p align=\"JUSTIFY\"><span lang=\"fr-FR\">La technologie nous offre tellement de possibilit<\/span><span lang=\"fr-FR\">\u00e9s\u00a0! Si vous pr\u00e9f\u00e9rez me rencontrer sur internet, sur Skype, je serai plus que contente\u00a0! Tout ce dont vous avez besoin est une connection internet et un ordinateur ... Tombons d\u2019accord pour une premi\u00e8re <\/span><span lang=\"fr-FR\">le\u00e7on\u00a0!<\/span><\/p>\n<p align=\"JUSTIFY\"><span style=\"color: #4ab6ec;\"><strong><span lang=\"fr-FR\">Je donne des <\/span><span lang=\"fr-FR\">le\u00e7ons <\/span><span lang=\"fr-FR\">\u00e2 tout un chacun qui d\u00e9sire jouer de la contrebasse. Votre \u00e2ge n\u2019a aucune importance\u00a0!<\/span><\/strong><\/span><\/p>\n<ul>\n<li>\n<p lang=\"fr-FR\" align=\"JUSTIFY\">Je peux vous aider quel que soit votre niveau, <strong>de grand d\u00e9butant \u00e0 avanc\u00e9\u00a0!<\/strong><\/p>\n<\/li>\n<li>\n<p lang=\"fr-FR\" align=\"JUSTIFY\"><a href=\"http:\/\/monikakwiatkowska.eu\/contact-me\/\" target=\"_blank\" rel=\"noopener\"><span style=\"color: #4ab6ec;\">Contactez-moi<\/span><\/a> et je vous pr\u00e9parerai <strong>un plan d\u2019action individuel<\/strong> \u00ab\u00a0sur mesure\u00a0\u00bb ou \u00ab\u00a0bespoke musical lesson\u00a0\u00bb comme on dit en anglais.<\/p>\n<\/li>\n<li>\n<p lang=\"fr-FR\" align=\"JUSTIFY\">Cours particuliers <strong>one-to-one <\/strong>online\u00a0!\u00a0<\/p>\n<\/li>\n<\/ul>\n<h3>\n<\/div><\/div><\/div><\/div><div id=\"pg-27-3\"  class=\"panel-grid panel-no-style\" ><div id=\"pgc-27-3-0\"  class=\"panel-grid-cell\" ><div id=\"panel-27-3-0-0\" class=\"so-panel widget widget_black-studio-tinymce widget_black_studio_tinymce panel-first-child panel-last-child\" data-index=\"5\" ><div class=\"textwidget\"><hr \/>\n<p>\u00a0<\/p>\n<\/div><\/div><\/div><\/div><div id=\"pg-27-4\"  class=\"panel-grid panel-no-style\" ><div id=\"pgc-27-4-0\"  class=\"panel-grid-cell\" >     <div id=\"panel-27-4-0-0\" class=\"so-panel widget widget_kadence_simple_image kadence_simple_image panel-first-child panel-last-child\" data-index=\"6\" >    <div class=\"kad_img_upload_widget\">\n                <img decoding=\"async\" src=\"http:\/\/monikakwiatkowska.eu\/wp-content\/uploads\/2017\/04\/piano.png\" alt=\"\" \/>\n                    <\/div>\n\n    <\/div>    <\/div><div id=\"pgc-27-4-1\"  class=\"panel-grid-cell\" ><div id=\"panel-27-4-1-0\" class=\"so-panel widget widget_black-studio-tinymce widget_black_studio_tinymce panel-first-child panel-last-child\" data-index=\"7\" ><div class=\"textwidget\"><h3>Piano<\/span><\/h3>\n<p align=\"JUSTIFY\"><span style=\"color: #e783a7;\"><strong><span lang=\"fr-FR\">L<\/span><span lang=\"fr-FR\">e\u00e7ons de piano pour d<\/span><span lang=\"fr-FR\">\u00e9butants\u00a0! Vous avez toujours voulu jouer du piano\u00a0? Votre \u00e2ge n\u2019a aucune importance\u00a0!<\/span><\/strong><\/span><\/p>\n<ul>\n<li>\n<p lang=\"fr-FR\" align=\"JUSTIFY\"><a href=\"http:\/\/monikakwiatkowska.eu\/contact-me\/\" target=\"_blank\" rel=\"noopener\"><span style=\"color: #e783a7;\">Contactez-moi<\/span><\/a> et je vous pr\u00e9parerai <strong>un plan d\u2019action individuel<\/strong> \u00ab\u00a0sur mesure\u00a0\u00bb ou \u00ab\u00a0bespoke musical lesson\u00a0\u00bb comme on dit en anglais.<\/p>\n<\/li>\n<li>\n<p lang=\"fr-FR\" align=\"JUSTIFY\"><span lang=\"fr-FR\">Les <\/span><span lang=\"fr-FR\">le\u00e7ons<strong> one-to-one<\/strong> peuvent \u00eatre dispens<\/span><span lang=\"fr-FR\">\u00e9es dans le lieu de votre choix.<\/span><\/p>\n<\/li>\n<\/ul>\n<p>Mon piano - Casio PRIVIA PX-130.<\/p>\n<h3>\n<\/div><\/div><\/div><\/div><div id=\"pg-27-5\"  class=\"panel-grid panel-no-style\" ><div id=\"pgc-27-5-0\"  class=\"panel-grid-cell\" ><div id=\"panel-27-5-0-0\" class=\"so-panel widget widget_black-studio-tinymce widget_black_studio_tinymce panel-first-child panel-last-child\" data-index=\"8\" ><div class=\"textwidget\"><hr \/>\n<p>\u00a0<\/p>\n<\/div><\/div><\/div><\/div><\/div><!-- AddThis Advanced Settings generic via filter on the_content --><!-- AddThis Share Buttons generic via filter on the_content -->","protected":false},"excerpt":{"rendered":"<p>ContrebasseJe donne des le\u00e7ons \u00e2 tout un chacun qui d\u00e9sire jouer de la contrebasse. Votre \u00e2ge n\u2019a aucune importance\u00a0!Je peux vous aider quel que soit votre niveau, de grand d\u00e9butant \u00e0 avanc\u00e9\u00a0!Contactez-moi et je vous pr\u00e9parerai un plan d\u2019action individuel &hellip; <a href=\"https:\/\/monikakwiatkowska.eu\/fr\/lessons\/\">Lire la suite<\/a><!-- AddThis Advanced Settings generic via filter on wp_trim_excerpt --><!-- AddThis Share Buttons generic via filter on wp_trim_excerpt --><\/p>\n","protected":false},"author":1,"featured_media":312,"parent":0,"menu_order":0,"comment_status":"closed","ping_status":"closed","template":"","meta":{"om_disable_all_campaigns":false,"_monsterinsights_skip_tracking":false,"_monsterinsights_sitenote_active":false,"_monsterinsights_sitenote_note":"","_monsterinsights_sitenote_category":0,"jetpack_post_was_ever_published":false,"footnotes":""},"class_list":["post-27","page","type-page","status-publish","has-post-thumbnail","hentry"],"aioseo_notices":[],"yoast_head":"<!-- This site is optimized with the Yoast SEO plugin v24.5 - https:\/\/yoast.com\/wordpress\/plugins\/seo\/ -->\n<title>Enseignement &#183; Monika Rajska<\/title>\n<meta name=\"robots\" content=\"index, follow, max-snippet:-1, max-image-preview:large, max-video-preview:-1\" \/>\n<link rel=\"canonical\" href=\"https:\/\/monikakwiatkowska.eu\/lessons\/\" \/>\n<meta property=\"og:locale\" content=\"fr_FR\" \/>\n<meta property=\"og:type\" content=\"article\" \/>\n<meta property=\"og:title\" content=\"Enseignement &#183; Monika Rajska\" \/>\n<meta property=\"og:description\" content=\"ContrebasseJe donne des le\u00e7ons \u00e2 tout un chacun qui d\u00e9sire jouer de la contrebasse. Votre \u00e2ge n\u2019a aucune importance\u00a0!Je peux vous aider quel que soit votre niveau, de grand d\u00e9butant \u00e0 avanc\u00e9\u00a0!Contactez-moi et je vous pr\u00e9parerai un plan d\u2019action individuel &hellip; Lire la suite\" \/>\n<meta property=\"og:url\" content=\"https:\/\/monikakwiatkowska.eu\/lessons\/\" \/>\n<meta property=\"og:site_name\" content=\"Monika Rajska\" \/>\n<meta property=\"article:publisher\" content=\"https:\/\/www.facebook.com\/MKDoubleBassist\/\" \/>\n<meta property=\"article:modified_time\" content=\"2021-11-28T09:28:22+00:00\" \/>\n<meta property=\"og:image\" content=\"https:\/\/monikakwiatkowska.eu\/wp-content\/uploads\/2017\/04\/online-kontrabas-1.png\" \/>\n\t<meta property=\"og:image:width\" content=\"1140\" \/>\n\t<meta property=\"og:image:height\" content=\"555\" \/>\n\t<meta property=\"og:image:type\" content=\"image\/png\" \/>\n<meta name=\"twitter:card\" content=\"summary_large_image\" \/>\n<meta name=\"twitter:site\" content=\"@MonikaKwiat\" \/>\n<meta name=\"twitter:label1\" content=\"Dur\u00e9e de lecture estim\u00e9e\" \/>\n\t<meta name=\"twitter:data1\" content=\"3 minutes\" \/>\n<script type=\"application\/ld+json\" class=\"yoast-schema-graph\">{\"@context\":\"https:\/\/schema.org\",\"@graph\":[{\"@type\":\"WebPage\",\"@id\":\"https:\/\/monikakwiatkowska.eu\/lessons\/\",\"url\":\"https:\/\/monikakwiatkowska.eu\/lessons\/\",\"name\":\"Enseignement &#183; Monika Rajska\",\"isPartOf\":{\"@id\":\"https:\/\/monikakwiatkowska.eu\/#website\"},\"primaryImageOfPage\":{\"@id\":\"https:\/\/monikakwiatkowska.eu\/lessons\/#primaryimage\"},\"image\":{\"@id\":\"https:\/\/monikakwiatkowska.eu\/lessons\/#primaryimage\"},\"thumbnailUrl\":\"https:\/\/monikakwiatkowska.eu\/wp-content\/uploads\/2017\/04\/online-kontrabas-1.png\",\"datePublished\":\"2017-04-10T14:34:25+00:00\",\"dateModified\":\"2021-11-28T09:28:22+00:00\",\"breadcrumb\":{\"@id\":\"https:\/\/monikakwiatkowska.eu\/lessons\/#breadcrumb\"},\"inLanguage\":\"fr-FR\",\"potentialAction\":[{\"@type\":\"ReadAction\",\"target\":[\"https:\/\/monikakwiatkowska.eu\/lessons\/\"]}]},{\"@type\":\"ImageObject\",\"inLanguage\":\"fr-FR\",\"@id\":\"https:\/\/monikakwiatkowska.eu\/lessons\/#primaryimage\",\"url\":\"https:\/\/monikakwiatkowska.eu\/wp-content\/uploads\/2017\/04\/online-kontrabas-1.png\",\"contentUrl\":\"https:\/\/monikakwiatkowska.eu\/wp-content\/uploads\/2017\/04\/online-kontrabas-1.png\",\"width\":1140,\"height\":555},{\"@type\":\"BreadcrumbList\",\"@id\":\"https:\/\/monikakwiatkowska.eu\/lessons\/#breadcrumb\",\"itemListElement\":[{\"@type\":\"ListItem\",\"position\":1,\"name\":\"Home\",\"item\":\"https:\/\/monikakwiatkowska.eu\/\"},{\"@type\":\"ListItem\",\"position\":2,\"name\":\"Lekcje muzyki\"}]},{\"@type\":\"WebSite\",\"@id\":\"https:\/\/monikakwiatkowska.eu\/#website\",\"url\":\"https:\/\/monikakwiatkowska.eu\/\",\"name\":\"Monika Rajska\",\"description\":\"| Contrebasse |\",\"potentialAction\":[{\"@type\":\"SearchAction\",\"target\":{\"@type\":\"EntryPoint\",\"urlTemplate\":\"https:\/\/monikakwiatkowska.eu\/?s={search_term_string}\"},\"query-input\":{\"@type\":\"PropertyValueSpecification\",\"valueRequired\":true,\"valueName\":\"search_term_string\"}}],\"inLanguage\":\"fr-FR\"}]}<\/script>\n<!-- \/ Yoast SEO plugin. -->","yoast_head_json":{"title":"Enseignement &#183; Monika Rajska","robots":{"index":"index","follow":"follow","max-snippet":"max-snippet:-1","max-image-preview":"max-image-preview:large","max-video-preview":"max-video-preview:-1"},"canonical":"https:\/\/monikakwiatkowska.eu\/lessons\/","og_locale":"fr_FR","og_type":"article","og_title":"Enseignement &#183; Monika Rajska","og_description":"ContrebasseJe donne des le\u00e7ons \u00e2 tout un chacun qui d\u00e9sire jouer de la contrebasse. Votre \u00e2ge n\u2019a aucune importance\u00a0!Je peux vous aider quel que soit votre niveau, de grand d\u00e9butant \u00e0 avanc\u00e9\u00a0!Contactez-moi et je vous pr\u00e9parerai un plan d\u2019action individuel &hellip; Lire la suite","og_url":"https:\/\/monikakwiatkowska.eu\/lessons\/","og_site_name":"Monika Rajska","article_publisher":"https:\/\/www.facebook.com\/MKDoubleBassist\/","article_modified_time":"2021-11-28T09:28:22+00:00","og_image":[{"width":1140,"height":555,"url":"https:\/\/monikakwiatkowska.eu\/wp-content\/uploads\/2017\/04\/online-kontrabas-1.png","type":"image\/png"}],"twitter_card":"summary_large_image","twitter_site":"@MonikaKwiat","twitter_misc":{"Dur\u00e9e de lecture estim\u00e9e":"3 minutes"},"schema":{"@context":"https:\/\/schema.org","@graph":[{"@type":"WebPage","@id":"https:\/\/monikakwiatkowska.eu\/lessons\/","url":"https:\/\/monikakwiatkowska.eu\/lessons\/","name":"Enseignement &#183; Monika Rajska","isPartOf":{"@id":"https:\/\/monikakwiatkowska.eu\/#website"},"primaryImageOfPage":{"@id":"https:\/\/monikakwiatkowska.eu\/lessons\/#primaryimage"},"image":{"@id":"https:\/\/monikakwiatkowska.eu\/lessons\/#primaryimage"},"thumbnailUrl":"https:\/\/monikakwiatkowska.eu\/wp-content\/uploads\/2017\/04\/online-kontrabas-1.png","datePublished":"2017-04-10T14:34:25+00:00","dateModified":"2021-11-28T09:28:22+00:00","breadcrumb":{"@id":"https:\/\/monikakwiatkowska.eu\/lessons\/#breadcrumb"},"inLanguage":"fr-FR","potentialAction":[{"@type":"ReadAction","target":["https:\/\/monikakwiatkowska.eu\/lessons\/"]}]},{"@type":"ImageObject","inLanguage":"fr-FR","@id":"https:\/\/monikakwiatkowska.eu\/lessons\/#primaryimage","url":"https:\/\/monikakwiatkowska.eu\/wp-content\/uploads\/2017\/04\/online-kontrabas-1.png","contentUrl":"https:\/\/monikakwiatkowska.eu\/wp-content\/uploads\/2017\/04\/online-kontrabas-1.png","width":1140,"height":555},{"@type":"BreadcrumbList","@id":"https:\/\/monikakwiatkowska.eu\/lessons\/#breadcrumb","itemListElement":[{"@type":"ListItem","position":1,"name":"Home","item":"https:\/\/monikakwiatkowska.eu\/"},{"@type":"ListItem","position":2,"name":"Lekcje muzyki"}]},{"@type":"WebSite","@id":"https:\/\/monikakwiatkowska.eu\/#website","url":"https:\/\/monikakwiatkowska.eu\/","name":"Monika Rajska","description":"| Contrebasse |","potentialAction":[{"@type":"SearchAction","target":{"@type":"EntryPoint","urlTemplate":"https:\/\/monikakwiatkowska.eu\/?s={search_term_string}"},"query-input":{"@type":"PropertyValueSpecification","valueRequired":true,"valueName":"search_term_string"}}],"inLanguage":"fr-FR"}]}},"jetpack_shortlink":"https:\/\/wp.me\/P8Ew3L-r","jetpack_sharing_enabled":true,"_links":{"self":[{"href":"https:\/\/monikakwiatkowska.eu\/fr\/wp-json\/wp\/v2\/pages\/27","targetHints":{"allow":["GET"]}}],"collection":[{"href":"https:\/\/monikakwiatkowska.eu\/fr\/wp-json\/wp\/v2\/pages"}],"about":[{"href":"https:\/\/monikakwiatkowska.eu\/fr\/wp-json\/wp\/v2\/types\/page"}],"author":[{"embeddable":true,"href":"https:\/\/monikakwiatkowska.eu\/fr\/wp-json\/wp\/v2\/users\/1"}],"replies":[{"embeddable":true,"href":"https:\/\/monikakwiatkowska.eu\/fr\/wp-json\/wp\/v2\/comments?post=27"}],"version-history":[{"count":86,"href":"https:\/\/monikakwiatkowska.eu\/fr\/wp-json\/wp\/v2\/pages\/27\/revisions"}],"predecessor-version":[{"id":1268,"href":"https:\/\/monikakwiatkowska.eu\/fr\/wp-json\/wp\/v2\/pages\/27\/revisions\/1268"}],"wp:featuredmedia":[{"embeddable":true,"href":"https:\/\/monikakwiatkowska.eu\/fr\/wp-json\/wp\/v2\/media\/312"}],"wp:attachment":[{"href":"https:\/\/monikakwiatkowska.eu\/fr\/wp-json\/wp\/v2\/media?parent=27"}],"curies":[{"name":"wp","href":"https:\/\/api.w.org\/{rel}","templated":true}]}}